{"id":73,"date":"2025-02-05T09:34:08","date_gmt":"2025-02-05T09:34:08","guid":{"rendered":"https:\/\/creamobiliariocomercial.com\/?page_id=73"},"modified":"2026-02-03T10:42:07","modified_gmt":"2026-02-03T09:42:07","slug":"faq","status":"publish","type":"page","link":"https:\/\/creamobiliariocomercial.com\/ca\/faq\/","title":{"rendered":"FAQ"},"content":{"rendered":"\t\t<div data-elementor-type=\"wp-page\" data-elementor-id=\"73\" class=\"elementor elementor-73\" data-elementor-post-type=\"page\">\n\t\t\t\t<div class=\"elementor-element elementor-element-1992e0c e-con-full e-flex elementor-invisible e-con e-child\" data-id=\"1992e0c\" data-element_type=\"container\" data-e-type=\"container\" data-settings=\"{&quot;background_background&quot;:&quot;classic&quot;,&quot;animation&quot;:&quot;fadeIn&quot;}\">\n\t\t<div class=\"elementor-element elementor-element-d749467 e-con-full e-flex e-con e-child\" data-id=\"d749467\" data-element_type=\"container\" data-e-type=\"container\">\n\t\t\t\t<div class=\"elementor-element elementor-element-1bce21a elementor-widget elementor-widget-heading\" data-id=\"1bce21a\" data-element_type=\"widget\" data-e-type=\"widget\" data-widget_type=\"heading.default\">\n\t\t\t\t<div class=\"elementor-widget-container\">\n\t\t\t\t\t<h1 class=\"elementor-heading-title elementor-size-default\">FAQ<\/h1>\t\t\t\t<\/div>\n\t\t\t\t<\/div>\n\t\t\t\t<\/div>\n\t\t\t\t<\/div>\n\t\t<div class=\"elementor-element elementor-element-6de1e7a e-flex e-con-boxed e-con e-parent\" data-id=\"6de1e7a\" data-element_type=\"container\" data-e-type=\"container\" data-settings=\"{&quot;background_background&quot;:&quot;classic&quot;}\">\n\t\t\t\t\t<div class=\"e-con-inner\">\n\t\t\t\t<div class=\"elementor-element elementor-element-c035d75 elementor-widget elementor-widget-heading\" data-id=\"c035d75\" data-element_type=\"widget\" data-e-type=\"widget\" data-widget_type=\"heading.default\">\n\t\t\t\t<div class=\"elementor-widget-container\">\n\t\t\t\t\t<h2 class=\"elementor-heading-title elementor-size-default\">Preguntas frecuentes (FAQ)<\/h2>\t\t\t\t<\/div>\n\t\t\t\t<\/div>\n\t\t\t\t\t<\/div>\n\t\t\t\t<\/div>\n\t\t<div class=\"elementor-element elementor-element-7deec7e e-flex e-con-boxed e-con e-parent\" data-id=\"7deec7e\" data-element_type=\"container\" data-e-type=\"container\" data-settings=\"{&quot;background_background&quot;:&quot;classic&quot;}\">\n\t\t\t\t\t<div class=\"e-con-inner\">\n\t\t\t\t<div class=\"elementor-element elementor-element-bd05611 elementor-widget elementor-widget-n-accordion\" data-id=\"bd05611\" data-element_type=\"widget\" data-e-type=\"widget\" data-settings=\"{&quot;default_state&quot;:&quot;expanded&quot;,&quot;max_items_expended&quot;:&quot;one&quot;,&quot;n_accordion_animation_duration&quot;:{&quot;unit&quot;:&quot;ms&quot;,&quot;size&quot;:400,&quot;sizes&quot;:[]}}\" data-widget_type=\"nested-accordion.default\">\n\t\t\t\t<div class=\"elementor-widget-container\">\n\t\t\t\t\t\t\t<div class=\"e-n-accordion\" aria-label=\"Accordion. Open links with Enter or Space, close with Escape, and navigate with Arrow Keys\">\n\t\t\t\t\t\t<details id=\"e-n-accordion-item-1980\" class=\"e-n-accordion-item\" open>\n\t\t\t\t<summary class=\"e-n-accordion-item-title\" data-accordion-index=\"1\" tabindex=\"0\" aria-expanded=\"true\" aria-controls=\"e-n-accordion-item-1980\" >\n\t\t\t\t\t<span class='e-n-accordion-item-title-header'><div class=\"e-n-accordion-item-title-text\"> \u00bfQu\u00e9 precio tiene un mueble a medida para una tienda en Barcelona? <\/div><\/span>\n\t\t\t\t\t\t\t<span class='e-n-accordion-item-title-icon'>\n\t\t\t<span class='e-opened' ><svg aria-hidden=\"true\" class=\"e-font-icon-svg e-fas-minus\" viewBox=\"0 0 448 512\" xmlns=\"http:\/\/www.w3.org\/2000\/svg\"><path d=\"M416 208H32c-17.67 0-32 14.33-32 32v32c0 17.67 14.33 32 32 32h384c17.67 0 32-14.33 32-32v-32c0-17.67-14.33-32-32-32z\"><\/path><\/svg><\/span>\n\t\t\t<span class='e-closed'><svg aria-hidden=\"true\" class=\"e-font-icon-svg e-fas-plus\" viewBox=\"0 0 448 512\" xmlns=\"http:\/\/www.w3.org\/2000\/svg\"><path d=\"M416 208H272V64c0-17.67-14.33-32-32-32h-32c-17.67 0-32 14.33-32 32v144H32c-17.67 0-32 14.33-32 32v32c0 17.67 14.33 32 32 32h144v144c0 17.67 14.33 32 32 32h32c17.67 0 32-14.33 32-32V304h144c17.67 0 32-14.33 32-32v-32c0-17.67-14.33-32-32-32z\"><\/path><\/svg><\/span>\n\t\t<\/span>\n\n\t\t\t\t\t\t<\/summary>\n\t\t\t\t<div role=\"region\" aria-labelledby=\"e-n-accordion-item-1980\" class=\"elementor-element elementor-element-cf08aa1 e-con-full e-flex e-con e-child\" data-id=\"cf08aa1\" data-element_type=\"container\" data-e-type=\"container\">\n\t\t<div role=\"region\" aria-labelledby=\"e-n-accordion-item-1980\" class=\"elementor-element elementor-element-185a38d e-flex e-con-boxed e-con e-child\" data-id=\"185a38d\" data-element_type=\"container\" data-e-type=\"container\">\n\t\t\t\t\t<div class=\"e-con-inner\">\n\t\t\t\t<div class=\"elementor-element elementor-element-451a412 elementor-widget elementor-widget-text-editor\" data-id=\"451a412\" data-element_type=\"widget\" data-e-type=\"widget\" data-widget_type=\"text-editor.default\">\n\t\t\t\t<div class=\"elementor-widget-container\">\n\t\t\t\t\t\t\t\t\t<p>El precio depende de los materiales, el dise\u00f1o y el tama\u00f1o. Te preparamos un presupuesto personalizado gratuito.<\/p>\t\t\t\t\t\t\t\t<\/div>\n\t\t\t\t<\/div>\n\t\t\t\t\t<\/div>\n\t\t\t\t<\/div>\n\t\t\t\t<\/div>\n\t\t\t\t\t<\/details>\n\t\t\t\t\t\t<details id=\"e-n-accordion-item-1981\" class=\"e-n-accordion-item\" >\n\t\t\t\t<summary class=\"e-n-accordion-item-title\" data-accordion-index=\"2\" tabindex=\"-1\" aria-expanded=\"false\" aria-controls=\"e-n-accordion-item-1981\" >\n\t\t\t\t\t<span class='e-n-accordion-item-title-header'><div class=\"e-n-accordion-item-title-text\"> \u00bfCu\u00e1nto tarda la fabricaci\u00f3n e instalaci\u00f3n? <\/div><\/span>\n\t\t\t\t\t\t\t<span class='e-n-accordion-item-title-icon'>\n\t\t\t<span class='e-opened' ><svg aria-hidden=\"true\" class=\"e-font-icon-svg e-fas-minus\" viewBox=\"0 0 448 512\" xmlns=\"http:\/\/www.w3.org\/2000\/svg\"><path d=\"M416 208H32c-17.67 0-32 14.33-32 32v32c0 17.67 14.33 32 32 32h384c17.67 0 32-14.33 32-32v-32c0-17.67-14.33-32-32-32z\"><\/path><\/svg><\/span>\n\t\t\t<span class='e-closed'><svg aria-hidden=\"true\" class=\"e-font-icon-svg e-fas-plus\" viewBox=\"0 0 448 512\" xmlns=\"http:\/\/www.w3.org\/2000\/svg\"><path d=\"M416 208H272V64c0-17.67-14.33-32-32-32h-32c-17.67 0-32 14.33-32 32v144H32c-17.67 0-32 14.33-32 32v32c0 17.67 14.33 32 32 32h144v144c0 17.67 14.33 32 32 32h32c17.67 0 32-14.33 32-32V304h144c17.67 0 32-14.33 32-32v-32c0-17.67-14.33-32-32-32z\"><\/path><\/svg><\/span>\n\t\t<\/span>\n\n\t\t\t\t\t\t<\/summary>\n\t\t\t\t<div role=\"region\" aria-labelledby=\"e-n-accordion-item-1981\" class=\"elementor-element elementor-element-977c7d9 e-con-full e-flex e-con e-child\" data-id=\"977c7d9\" data-element_type=\"container\" data-e-type=\"container\">\n\t\t\t\t<div class=\"elementor-element elementor-element-516e610 elementor-widget elementor-widget-text-editor\" data-id=\"516e610\" data-element_type=\"widget\" data-e-type=\"widget\" data-widget_type=\"text-editor.default\">\n\t\t\t\t<div class=\"elementor-widget-container\">\n\t\t\t\t\t\t\t\t\t<p>Desde la validaci\u00f3n del dise\u00f1o, el proceso tarda entre 2 y 4 semanas seg\u00fan el proyecto.<\/p>\t\t\t\t\t\t\t\t<\/div>\n\t\t\t\t<\/div>\n\t\t\t\t<\/div>\n\t\t\t\t\t<\/details>\n\t\t\t\t\t\t<details id=\"e-n-accordion-item-1982\" class=\"e-n-accordion-item\" >\n\t\t\t\t<summary class=\"e-n-accordion-item-title\" data-accordion-index=\"3\" tabindex=\"-1\" aria-expanded=\"false\" aria-controls=\"e-n-accordion-item-1982\" >\n\t\t\t\t\t<span class='e-n-accordion-item-title-header'><div class=\"e-n-accordion-item-title-text\"> \u00bfPuedo elegir colores y acabados? <\/div><\/span>\n\t\t\t\t\t\t\t<span class='e-n-accordion-item-title-icon'>\n\t\t\t<span class='e-opened' ><svg aria-hidden=\"true\" class=\"e-font-icon-svg e-fas-minus\" viewBox=\"0 0 448 512\" xmlns=\"http:\/\/www.w3.org\/2000\/svg\"><path d=\"M416 208H32c-17.67 0-32 14.33-32 32v32c0 17.67 14.33 32 32 32h384c17.67 0 32-14.33 32-32v-32c0-17.67-14.33-32-32-32z\"><\/path><\/svg><\/span>\n\t\t\t<span class='e-closed'><svg aria-hidden=\"true\" class=\"e-font-icon-svg e-fas-plus\" viewBox=\"0 0 448 512\" xmlns=\"http:\/\/www.w3.org\/2000\/svg\"><path d=\"M416 208H272V64c0-17.67-14.33-32-32-32h-32c-17.67 0-32 14.33-32 32v144H32c-17.67 0-32 14.33-32 32v32c0 17.67 14.33 32 32 32h144v144c0 17.67 14.33 32 32 32h32c17.67 0 32-14.33 32-32V304h144c17.67 0 32-14.33 32-32v-32c0-17.67-14.33-32-32-32z\"><\/path><\/svg><\/span>\n\t\t<\/span>\n\n\t\t\t\t\t\t<\/summary>\n\t\t\t\t<div role=\"region\" aria-labelledby=\"e-n-accordion-item-1982\" class=\"elementor-element elementor-element-caea8e1 e-con-full e-flex e-con e-child\" data-id=\"caea8e1\" data-element_type=\"container\" data-e-type=\"container\">\n\t\t\t\t<div class=\"elementor-element elementor-element-77adcdd elementor-widget elementor-widget-text-editor\" data-id=\"77adcdd\" data-element_type=\"widget\" data-e-type=\"widget\" data-widget_type=\"text-editor.default\">\n\t\t\t\t<div class=\"elementor-widget-container\">\n\t\t\t\t\t\t\t\t\t<p>S\u00ed. Te ofrecemos un cat\u00e1logo completo para que escojas lo que mejor encaje con tu marca.<\/p>\t\t\t\t\t\t\t\t<\/div>\n\t\t\t\t<\/div>\n\t\t\t\t<\/div>\n\t\t\t\t\t<\/details>\n\t\t\t\t\t<\/div>\n\t\t\t\t\t\t<\/div>\n\t\t\t\t<\/div>\n\t\t\t\t\t<\/div>\n\t\t\t\t<\/div>\n\t\t<div class=\"elementor-element elementor-element-7f94e42 e-flex e-con-boxed e-con e-parent\" data-id=\"7f94e42\" data-element_type=\"container\" data-e-type=\"container\" data-settings=\"{&quot;background_background&quot;:&quot;classic&quot;}\">\n\t\t\t\t\t<div class=\"e-con-inner\">\n\t\t<div class=\"elementor-element elementor-element-d37aa08 e-con-full e-flex e-con e-child\" data-id=\"d37aa08\" data-element_type=\"container\" data-e-type=\"container\" data-settings=\"{&quot;motion_fx_motion_fx_scrolling&quot;:&quot;yes&quot;,&quot;motion_fx_translateY_effect&quot;:&quot;yes&quot;,&quot;motion_fx_translateY_direction&quot;:&quot;negative&quot;,&quot;motion_fx_devices&quot;:[&quot;desktop&quot;],&quot;motion_fx_translateY_speed&quot;:{&quot;unit&quot;:&quot;px&quot;,&quot;size&quot;:4,&quot;sizes&quot;:[]},&quot;motion_fx_translateY_affectedRange&quot;:{&quot;unit&quot;:&quot;%&quot;,&quot;size&quot;:&quot;&quot;,&quot;sizes&quot;:{&quot;start&quot;:0,&quot;end&quot;:100}}}\">\n\t\t<div class=\"elementor-element elementor-element-a429701 e-con-full e-flex e-con e-child\" data-id=\"a429701\" data-element_type=\"container\" data-e-type=\"container\">\n\t\t\t\t<div class=\"elementor-element elementor-element-f8197d1 animated-slow elementor-invisible elementor-widget elementor-widget-heading\" data-id=\"f8197d1\" data-element_type=\"widget\" data-e-type=\"widget\" data-settings=\"{&quot;_animation&quot;:&quot;fadeIn&quot;}\" data-widget_type=\"heading.default\">\n\t\t\t\t<div class=\"elementor-widget-container\">\n\t\t\t\t\t<h3 class=\"elementor-heading-title elementor-size-default\">Transforma tu negocio con nuestros packs personalizados<\/h3>\t\t\t\t<\/div>\n\t\t\t\t<\/div>\n\t\t\t\t<div class=\"elementor-element elementor-element-462cf23 animated-slow elementor-widget-tablet__width-initial elementor-invisible elementor-widget elementor-widget-heading\" data-id=\"462cf23\" data-element_type=\"widget\" data-e-type=\"widget\" data-settings=\"{&quot;_animation&quot;:&quot;fadeIn&quot;}\" data-widget_type=\"heading.default\">\n\t\t\t\t<div class=\"elementor-widget-container\">\n\t\t\t\t\t<h2 class=\"elementor-heading-title elementor-size-default\">Sabemos que cada negocio es \u00fanico y tiene sus propias necesidades<\/h2>\t\t\t\t<\/div>\n\t\t\t\t<\/div>\n\t\t\t\t<div class=\"elementor-element elementor-element-384a810 animated-slow elementor-widget-tablet__width-initial elementor-invisible elementor-widget elementor-widget-text-editor\" data-id=\"384a810\" data-element_type=\"widget\" data-e-type=\"widget\" data-settings=\"{&quot;_animation&quot;:&quot;fadeIn&quot;}\" data-widget_type=\"text-editor.default\">\n\t\t\t\t<div class=\"elementor-widget-container\">\n\t\t\t\t\t\t\t\t\t<p data-pm-slice=\"1 1 []\">Por eso, hemos creado los <strong>CREA-PACKS<\/strong>, paquetes especialmente dise\u00f1ados para adaptarse a diferentes tipos de empresas y presupuestos.<\/p>\t\t\t\t\t\t\t\t<\/div>\n\t\t\t\t<\/div>\n\t\t\t\t<\/div>\n\t\t\t\t<div class=\"elementor-element elementor-element-2080aff elementor-align-center elementor-mobile-align-left elementor-widget elementor-widget-button\" data-id=\"2080aff\" data-element_type=\"widget\" data-e-type=\"widget\" data-widget_type=\"button.default\">\n\t\t\t\t<div class=\"elementor-widget-container\">\n\t\t\t\t\t\t\t\t\t<div class=\"elementor-button-wrapper\">\n\t\t\t\t\t<a class=\"elementor-button elementor-button-link elementor-size-sm\" href=\"https:\/\/creamobiliariocomercial.com\/contacto\/\">\n\t\t\t\t\t\t<span class=\"elementor-button-content-wrapper\">\n\t\t\t\t\t\t\t\t\t<span class=\"elementor-button-text\">Cont\u00e1ctanos<\/span>\n\t\t\t\t\t<\/span>\n\t\t\t\t\t<\/a>\n\t\t\t\t<\/div>\n\t\t\t\t\t\t\t\t<\/div>\n\t\t\t\t<\/div>\n\t\t\t\t<\/div>\n\t\t\t\t\t<\/div>\n\t\t\t\t<\/div>\n\t\t\t\t<\/div>\n\t\t","protected":false},"excerpt":{"rendered":"<p>FAQ Preguntas frecuentes (FAQ) \u00bfQu\u00e9 precio tiene un mueble a medida para una tienda en Barcelona? El precio depende de los materiales, el dise\u00f1o y el tama\u00f1o. Te preparamos un presupuesto personalizado gratuito. \u00bfCu\u00e1nto tarda la fabricaci\u00f3n e instalaci\u00f3n? Desde la validaci\u00f3n del dise\u00f1o, el proceso tarda entre 2 y 4 semanas seg\u00fan el proyecto. [&hellip;]<\/p>\n","protected":false},"author":2,"featured_media":0,"parent":0,"menu_order":0,"comment_status":"closed","ping_status":"closed","template":"","meta":{"_acf_changed":false,"footnotes":""},"class_list":["post-73","page","type-page","status-publish","hentry"],"acf":[],"yoast_head":"<!-- This site is optimized with the Yoast SEO plugin v27.0 - https:\/\/yoast.com\/product\/yoast-seo-wordpress\/ -->\n<title>FAQ | Preguntas frecuentes<\/title>\n<meta name=\"description\" content=\"Paquetes de dise\u00f1o, mobiliario y reformas adaptados a tus necesidades. Crea el espacio perfecto con soluciones eficientes y personalizadas.\" \/>\n<meta name=\"robots\" content=\"index, follow, max-snippet:-1, max-image-preview:large, max-video-preview:-1\" \/>\n<link rel=\"canonical\" href=\"https:\/\/creamobiliariocomercial.com\/ca\/faq\/\" \/>\n<meta property=\"og:locale\" content=\"ca_ES\" \/>\n<meta property=\"og:type\" content=\"article\" \/>\n<meta property=\"og:title\" content=\"FAQ | Preguntas frecuentes\" \/>\n<meta property=\"og:description\" content=\"Paquetes de dise\u00f1o, mobiliario y reformas adaptados a tus necesidades. Crea el espacio perfecto con soluciones eficientes y personalizadas.\" \/>\n<meta property=\"og:url\" content=\"https:\/\/creamobiliariocomercial.com\/ca\/faq\/\" \/>\n<meta property=\"og:site_name\" content=\"Crea Y Mas\" \/>\n<meta property=\"article:publisher\" content=\"https:\/\/www.facebook.com\/creaymasmobiliariocomercial\/\" \/>\n<meta property=\"article:modified_time\" content=\"2026-02-03T09:42:07+00:00\" \/>\n<meta name=\"twitter:card\" content=\"summary_large_image\" \/>\n<meta name=\"twitter:label1\" content=\"Temps estimat de lectura\" \/>\n\t<meta name=\"twitter:data1\" content=\"1 minut\" \/>\n<script type=\"application\/ld+json\" class=\"yoast-schema-graph\">{\"@context\":\"https:\/\/schema.org\",\"@graph\":[{\"@type\":\"WebPage\",\"@id\":\"https:\/\/creamobiliariocomercial.com\/faq\/\",\"url\":\"https:\/\/creamobiliariocomercial.com\/faq\/\",\"name\":\"FAQ | Preguntas frecuentes\",\"isPartOf\":{\"@id\":\"https:\/\/creamobiliariocomercial.com\/#website\"},\"datePublished\":\"2025-02-05T09:34:08+00:00\",\"dateModified\":\"2026-02-03T09:42:07+00:00\",\"description\":\"Paquetes de dise\u00f1o, mobiliario y reformas adaptados a tus necesidades. Crea el espacio perfecto con soluciones eficientes y personalizadas.\",\"breadcrumb\":{\"@id\":\"https:\/\/creamobiliariocomercial.com\/faq\/#breadcrumb\"},\"inLanguage\":\"ca\",\"potentialAction\":[{\"@type\":\"ReadAction\",\"target\":[\"https:\/\/creamobiliariocomercial.com\/faq\/\"]}]},{\"@type\":\"BreadcrumbList\",\"@id\":\"https:\/\/creamobiliariocomercial.com\/faq\/#breadcrumb\",\"itemListElement\":[{\"@type\":\"ListItem\",\"position\":1,\"name\":\"Portada\",\"item\":\"https:\/\/creamobiliariocomercial.com\/\"},{\"@type\":\"ListItem\",\"position\":2,\"name\":\"FAQ\"}]},{\"@type\":\"WebSite\",\"@id\":\"https:\/\/creamobiliariocomercial.com\/#website\",\"url\":\"https:\/\/creamobiliariocomercial.com\/\",\"name\":\"Crea Y Mas\",\"description\":\"Transforma tu espacio comercial con mobiliario a medida en Barcelona\",\"publisher\":{\"@id\":\"https:\/\/creamobiliariocomercial.com\/#organization\"},\"potentialAction\":[{\"@type\":\"SearchAction\",\"target\":{\"@type\":\"EntryPoint\",\"urlTemplate\":\"https:\/\/creamobiliariocomercial.com\/?s={search_term_string}\"},\"query-input\":{\"@type\":\"PropertyValueSpecification\",\"valueRequired\":true,\"valueName\":\"search_term_string\"}}],\"inLanguage\":\"ca\"},{\"@type\":\"Organization\",\"@id\":\"https:\/\/creamobiliariocomercial.com\/#organization\",\"name\":\"Crea Y Mas\",\"url\":\"https:\/\/creamobiliariocomercial.com\/\",\"logo\":{\"@type\":\"ImageObject\",\"inLanguage\":\"ca\",\"@id\":\"https:\/\/creamobiliariocomercial.com\/#\/schema\/logo\/image\/\",\"url\":\"https:\/\/creamobiliariocomercial.com\/wp-content\/uploads\/2025\/02\/logo.png\",\"contentUrl\":\"https:\/\/creamobiliariocomercial.com\/wp-content\/uploads\/2025\/02\/logo.png\",\"width\":191,\"height\":155,\"caption\":\"Crea Y Mas\"},\"image\":{\"@id\":\"https:\/\/creamobiliariocomercial.com\/#\/schema\/logo\/image\/\"},\"sameAs\":[\"https:\/\/www.facebook.com\/creaymasmobiliariocomercial\/\"]}]}<\/script>\n<!-- \/ Yoast SEO plugin. -->","yoast_head_json":{"title":"FAQ | Preguntas frecuentes","description":"Paquetes de dise\u00f1o, mobiliario y reformas adaptados a tus necesidades. Crea el espacio perfecto con soluciones eficientes y personalizadas.","robots":{"index":"index","follow":"follow","max-snippet":"max-snippet:-1","max-image-preview":"max-image-preview:large","max-video-preview":"max-video-preview:-1"},"canonical":"https:\/\/creamobiliariocomercial.com\/ca\/faq\/","og_locale":"ca_ES","og_type":"article","og_title":"FAQ | Preguntas frecuentes","og_description":"Paquetes de dise\u00f1o, mobiliario y reformas adaptados a tus necesidades. Crea el espacio perfecto con soluciones eficientes y personalizadas.","og_url":"https:\/\/creamobiliariocomercial.com\/ca\/faq\/","og_site_name":"Crea Y Mas","article_publisher":"https:\/\/www.facebook.com\/creaymasmobiliariocomercial\/","article_modified_time":"2026-02-03T09:42:07+00:00","twitter_card":"summary_large_image","twitter_misc":{"Temps estimat de lectura":"1 minut"},"schema":{"@context":"https:\/\/schema.org","@graph":[{"@type":"WebPage","@id":"https:\/\/creamobiliariocomercial.com\/faq\/","url":"https:\/\/creamobiliariocomercial.com\/faq\/","name":"FAQ | Preguntas frecuentes","isPartOf":{"@id":"https:\/\/creamobiliariocomercial.com\/#website"},"datePublished":"2025-02-05T09:34:08+00:00","dateModified":"2026-02-03T09:42:07+00:00","description":"Paquetes de dise\u00f1o, mobiliario y reformas adaptados a tus necesidades. Crea el espacio perfecto con soluciones eficientes y personalizadas.","breadcrumb":{"@id":"https:\/\/creamobiliariocomercial.com\/faq\/#breadcrumb"},"inLanguage":"ca","potentialAction":[{"@type":"ReadAction","target":["https:\/\/creamobiliariocomercial.com\/faq\/"]}]},{"@type":"BreadcrumbList","@id":"https:\/\/creamobiliariocomercial.com\/faq\/#breadcrumb","itemListElement":[{"@type":"ListItem","position":1,"name":"Portada","item":"https:\/\/creamobiliariocomercial.com\/"},{"@type":"ListItem","position":2,"name":"FAQ"}]},{"@type":"WebSite","@id":"https:\/\/creamobiliariocomercial.com\/#website","url":"https:\/\/creamobiliariocomercial.com\/","name":"Crea I Mas","description":"Transforma el teu espai comercial amb mobiliari a mida a Barcelona","publisher":{"@id":"https:\/\/creamobiliariocomercial.com\/#organization"},"potentialAction":[{"@type":"SearchAction","target":{"@type":"EntryPoint","urlTemplate":"https:\/\/creamobiliariocomercial.com\/?s={search_term_string}"},"query-input":{"@type":"PropertyValueSpecification","valueRequired":true,"valueName":"search_term_string"}}],"inLanguage":"ca"},{"@type":"Organization","@id":"https:\/\/creamobiliariocomercial.com\/#organization","name":"Crea I Mas","url":"https:\/\/creamobiliariocomercial.com\/","logo":{"@type":"ImageObject","inLanguage":"ca","@id":"https:\/\/creamobiliariocomercial.com\/#\/schema\/logo\/image\/","url":"https:\/\/creamobiliariocomercial.com\/wp-content\/uploads\/2025\/02\/logo.png","contentUrl":"https:\/\/creamobiliariocomercial.com\/wp-content\/uploads\/2025\/02\/logo.png","width":191,"height":155,"caption":"Crea Y Mas"},"image":{"@id":"https:\/\/creamobiliariocomercial.com\/#\/schema\/logo\/image\/"},"sameAs":["https:\/\/www.facebook.com\/creaymasmobiliariocomercial\/"]}]}},"_links":{"self":[{"href":"https:\/\/creamobiliariocomercial.com\/ca\/wp-json\/wp\/v2\/pages\/73","targetHints":{"allow":["GET"]}}],"collection":[{"href":"https:\/\/creamobiliariocomercial.com\/ca\/wp-json\/wp\/v2\/pages"}],"about":[{"href":"https:\/\/creamobiliariocomercial.com\/ca\/wp-json\/wp\/v2\/types\/page"}],"author":[{"embeddable":true,"href":"https:\/\/creamobiliariocomercial.com\/ca\/wp-json\/wp\/v2\/users\/2"}],"replies":[{"embeddable":true,"href":"https:\/\/creamobiliariocomercial.com\/ca\/wp-json\/wp\/v2\/comments?post=73"}],"version-history":[{"count":3,"href":"https:\/\/creamobiliariocomercial.com\/ca\/wp-json\/wp\/v2\/pages\/73\/revisions"}],"predecessor-version":[{"id":10795,"href":"https:\/\/creamobiliariocomercial.com\/ca\/wp-json\/wp\/v2\/pages\/73\/revisions\/10795"}],"wp:attachment":[{"href":"https:\/\/creamobiliariocomercial.com\/ca\/wp-json\/wp\/v2\/media?parent=73"}],"curies":[{"name":"wp","href":"https:\/\/api.w.org\/{rel}","templated":true}]}}