{"id":61,"date":"2025-02-05T09:33:02","date_gmt":"2025-02-05T09:33:02","guid":{"rendered":"https:\/\/creamobiliariocomercial.com\/?page_id=61"},"modified":"2026-02-06T15:42:18","modified_gmt":"2026-02-06T14:42:18","slug":"quienes-somos","status":"publish","type":"page","link":"https:\/\/creamobiliariocomercial.com\/ca\/quienes-somos\/","title":{"rendered":"Qui som?"},"content":{"rendered":"\t\t<div data-elementor-type=\"wp-page\" data-elementor-id=\"61\" class=\"elementor elementor-61\" data-elementor-post-type=\"page\">\n\t\t\t\t<div class=\"elementor-element elementor-element-6e9e328 e-con-full hero-section e-flex elementor-invisible e-con e-child\" data-id=\"6e9e328\" data-element_type=\"container\" data-e-type=\"container\" data-settings=\"{&quot;background_background&quot;:&quot;classic&quot;,&quot;animation&quot;:&quot;fadeIn&quot;}\">\n\t\t\t\t<div class=\"elementor-element elementor-element-20ce52b elementor-widget elementor-widget-heading\" data-id=\"20ce52b\" data-element_type=\"widget\" data-e-type=\"widget\" data-widget_type=\"heading.default\">\n\t\t\t\t<div class=\"elementor-widget-container\">\n\t\t\t\t\t<h1 class=\"elementor-heading-title elementor-size-default\">Qui\u00e9nes somos<\/h1>\t\t\t\t<\/div>\n\t\t\t\t<\/div>\n\t\t\t\t<\/div>\n\t\t<div class=\"elementor-element elementor-element-418f106 e-con-full e-flex e-con e-parent\" data-id=\"418f106\" data-element_type=\"container\" data-e-type=\"container\" data-settings=\"{&quot;background_background&quot;:&quot;classic&quot;}\">\n\t\t<div class=\"elementor-element elementor-element-32d03ca e-con-full e-flex e-con e-child\" data-id=\"32d03ca\" data-element_type=\"container\" data-e-type=\"container\">\n\t\t\t\t<div class=\"elementor-element elementor-element-5e61f72 elementor-widget elementor-widget-heading\" data-id=\"5e61f72\" data-element_type=\"widget\" data-e-type=\"widget\" data-widget_type=\"heading.default\">\n\t\t\t\t<div class=\"elementor-widget-container\">\n\t\t\t\t\t<h3 class=\"elementor-heading-title elementor-size-default\">Emprendedores<\/h3>\t\t\t\t<\/div>\n\t\t\t\t<\/div>\n\t\t\t\t<div class=\"elementor-element elementor-element-2132e28 elementor-widget elementor-widget-heading\" data-id=\"2132e28\" data-element_type=\"widget\" data-e-type=\"widget\" data-widget_type=\"heading.default\">\n\t\t\t\t<div class=\"elementor-widget-container\">\n\t\t\t\t\t<h2 class=\"elementor-heading-title elementor-size-default\">Artesan\u00eda en mobiliario comercial<\/h2>\t\t\t\t<\/div>\n\t\t\t\t<\/div>\n\t\t\t\t<div class=\"elementor-element elementor-element-fdaba90 elementor-widget__width-initial elementor-widget elementor-widget-text-editor\" data-id=\"fdaba90\" data-element_type=\"widget\" data-e-type=\"widget\" data-widget_type=\"text-editor.default\">\n\t\t\t\t<div class=\"elementor-widget-container\">\n\t\t\t\t\t\t\t\t\t<p>Somos artesanos de la madera que crean mobiliario y elementos decorativos \u00fanicos y personalizados para negocios que buscan destacar. Cada pieza es una obra de arte, dise\u00f1ada y fabricada a mano con maderas ecol\u00f3gicas y materiales sostenibles.<\/p><p>Transformamos espacios comerciales en ambientes acogedores y exclusivos, donde la naturaleza y el dise\u00f1o se fusionan a la perfecci\u00f3n. Desde mobiliario a medida hasta r\u00f3tulos personalizados, creamos soluciones integrales para que tu negocio deje una huella imborrable.\u00bb<\/p>\t\t\t\t\t\t\t\t<\/div>\n\t\t\t\t<\/div>\n\t\t\t\t<\/div>\n\t\t\t\t<\/div>\n\t\t<div class=\"elementor-element elementor-element-955bbac e-flex e-con-boxed e-con e-parent\" data-id=\"955bbac\" data-element_type=\"container\" data-e-type=\"container\" data-settings=\"{&quot;background_background&quot;:&quot;classic&quot;}\">\n\t\t\t\t\t<div class=\"e-con-inner\">\n\t\t<div class=\"elementor-element elementor-element-0f54745 e-con-full e-flex e-con e-child\" data-id=\"0f54745\" data-element_type=\"container\" data-e-type=\"container\" data-settings=\"{&quot;background_background&quot;:&quot;classic&quot;}\">\n\t\t\t\t<\/div>\n\t\t<div class=\"elementor-element elementor-element-742a050 e-con-full e-flex e-con e-child\" data-id=\"742a050\" data-element_type=\"container\" data-e-type=\"container\">\n\t\t\t\t<div class=\"elementor-element elementor-element-3782cb3 elementor-widget elementor-widget-heading\" data-id=\"3782cb3\" data-element_type=\"widget\" data-e-type=\"widget\" data-widget_type=\"heading.default\">\n\t\t\t\t<div class=\"elementor-widget-container\">\n\t\t\t\t\t<h2 class=\"elementor-heading-title elementor-size-default\">Sabemos lo que es empezar de 0<\/h2>\t\t\t\t<\/div>\n\t\t\t\t<\/div>\n\t\t\t\t<div class=\"elementor-element elementor-element-6868d30 elementor-widget elementor-widget-text-editor\" data-id=\"6868d30\" data-element_type=\"widget\" data-e-type=\"widget\" data-widget_type=\"text-editor.default\">\n\t\t\t\t<div class=\"elementor-widget-container\">\n\t\t\t\t\t\t\t\t\t<p>Somos apasionados por crear espacios que inspiren y motiven.<\/p><p>Con m\u00e1s de 10 a\u00f1os de experiencia en el sector, ofrecemos soluciones de mobiliario a medida para negocios que buscan destacar.<\/p><p>Nuestro equipo de dise\u00f1adores est\u00e1 comprometido a transformar tus ideas en realidad.<\/p>\t\t\t\t\t\t\t\t<\/div>\n\t\t\t\t<\/div>\n\t\t\t\t<\/div>\n\t\t\t\t\t<\/div>\n\t\t\t\t<\/div>\n\t\t<div class=\"elementor-element elementor-element-30f207b e-flex e-con-boxed e-con e-parent\" data-id=\"30f207b\" data-element_type=\"container\" data-e-type=\"container\" data-settings=\"{&quot;background_background&quot;:&quot;classic&quot;}\">\n\t\t\t\t\t<div class=\"e-con-inner\">\n\t\t<div class=\"elementor-element elementor-element-c00652e e-con-full e-flex e-con e-child\" data-id=\"c00652e\" data-element_type=\"container\" data-e-type=\"container\" data-settings=\"{&quot;background_background&quot;:&quot;classic&quot;}\">\n\t\t\t\t<\/div>\n\t\t<div class=\"elementor-element elementor-element-c81b0c7 e-con-full e-flex e-con e-child\" data-id=\"c81b0c7\" data-element_type=\"container\" data-e-type=\"container\">\n\t\t\t\t<div class=\"elementor-element elementor-element-d4e853d elementor-widget elementor-widget-heading\" data-id=\"d4e853d\" data-element_type=\"widget\" data-e-type=\"widget\" data-widget_type=\"heading.default\">\n\t\t\t\t<div class=\"elementor-widget-container\">\n\t\t\t\t\t<h2 class=\"elementor-heading-title elementor-size-default\">Creemos en el poder del dise\u00f1o<\/h2>\t\t\t\t<\/div>\n\t\t\t\t<\/div>\n\t\t\t\t<div class=\"elementor-element elementor-element-a32d550 elementor-widget elementor-widget-text-editor\" data-id=\"a32d550\" data-element_type=\"widget\" data-e-type=\"widget\" data-widget_type=\"text-editor.default\">\n\t\t\t\t<div class=\"elementor-widget-container\">\n\t\t\t\t\t\t\t\t\t<p>Para mejorar la vida de las personas. Nuestros muebles son fabricados con materiales sostenibles y dise\u00f1ados para durar.<\/p><p>Trabajamos estrechamente con nuestros clientes para crear espacios que reflejen su identidad y satisfagan sus necesidades.<\/p>\t\t\t\t\t\t\t\t<\/div>\n\t\t\t\t<\/div>\n\t\t\t\t<\/div>\n\t\t\t\t\t<\/div>\n\t\t\t\t<\/div>\n\t\t<div class=\"elementor-element elementor-element-378f390 elementor-hidden-tablet elementor-hidden-mobile e-flex e-con-boxed e-con e-parent\" data-id=\"378f390\" data-element_type=\"container\" data-e-type=\"container\" data-settings=\"{&quot;background_background&quot;:&quot;classic&quot;}\">\n\t\t\t\t\t<div class=\"e-con-inner\">\n\t\t<div class=\"elementor-element elementor-element-74b1d1d e-con-full e-flex e-con e-child\" data-id=\"74b1d1d\" data-element_type=\"container\" data-e-type=\"container\">\n\t\t\t\t<div class=\"elementor-element elementor-element-0c30df3 elementor-widget elementor-widget-heading\" data-id=\"0c30df3\" data-element_type=\"widget\" data-e-type=\"widget\" data-widget_type=\"heading.default\">\n\t\t\t\t<div class=\"elementor-widget-container\">\n\t\t\t\t\t<h2 class=\"elementor-heading-title elementor-size-default\">\u00bfDe d\u00f3nde venimos?<\/h2>\t\t\t\t<\/div>\n\t\t\t\t<\/div>\n\t\t\t\t<div class=\"elementor-element elementor-element-5cb721a elementor-widget elementor-widget-heading\" data-id=\"5cb721a\" data-element_type=\"widget\" data-e-type=\"widget\" data-widget_type=\"heading.default\">\n\t\t\t\t<div class=\"elementor-widget-container\">\n\t\t\t\t\t<h3 class=\"elementor-heading-title elementor-size-default\">Desde abajo, pero con ganas<\/h3>\t\t\t\t<\/div>\n\t\t\t\t<\/div>\n\t\t\t\t<div class=\"elementor-element elementor-element-2fd61b1 elementor-widget elementor-widget-text-editor\" data-id=\"2fd61b1\" data-element_type=\"widget\" data-e-type=\"widget\" data-widget_type=\"text-editor.default\">\n\t\t\t\t<div class=\"elementor-widget-container\">\n\t\t\t\t\t\t\t\t\t<p>Empezamos con polvo en las manos y mil ideas en la cabeza. De aquel primer banco mal nivelado a crear espacios que cuentan historias. Venimos del mundo del mueble, s\u00ed, pero tambi\u00e9n de los sue\u00f1os grandes y los tornillos sueltos.<\/p>\t\t\t\t\t\t\t\t<\/div>\n\t\t\t\t<\/div>\n\t\t\t\t<\/div>\n\t\t<div class=\"elementor-element elementor-element-43914cd e-con-full e-flex e-con e-child\" data-id=\"43914cd\" data-element_type=\"container\" data-e-type=\"container\">\n\t\t\t\t<div class=\"elementor-element elementor-element-7c526b3 elementor-widget elementor-widget-heading\" data-id=\"7c526b3\" data-element_type=\"widget\" data-e-type=\"widget\" data-widget_type=\"heading.default\">\n\t\t\t\t<div class=\"elementor-widget-container\">\n\t\t\t\t\t<h2 class=\"elementor-heading-title elementor-size-default\">\u00bfA d\u00f3nde vamos ?<\/h2>\t\t\t\t<\/div>\n\t\t\t\t<\/div>\n\t\t\t\t<div class=\"elementor-element elementor-element-640b96b elementor-widget elementor-widget-heading\" data-id=\"640b96b\" data-element_type=\"widget\" data-e-type=\"widget\" data-widget_type=\"heading.default\">\n\t\t\t\t<div class=\"elementor-widget-container\">\n\t\t\t\t\t<h3 class=\"elementor-heading-title elementor-size-default\">M\u00e1s all\u00e1 del dise\u00f1o, hacia lo inesperado<\/h3>\t\t\t\t<\/div>\n\t\t\t\t<\/div>\n\t\t\t\t<div class=\"elementor-element elementor-element-0f73a62 elementor-widget elementor-widget-text-editor\" data-id=\"0f73a62\" data-element_type=\"widget\" data-e-type=\"widget\" data-widget_type=\"text-editor.default\">\n\t\t\t\t<div class=\"elementor-widget-container\">\n\t\t\t\t\t\t\t\t\t<p>Vamos donde nos lleve la imaginaci\u00f3n (y un buen plano). Queremos llenar el mundo de madera con alma, r\u00f3tulos con mensaje y espacios que te abracen. So\u00f1amos con un taller sin l\u00edmites, donde el dise\u00f1o y la naturaleza manden.<\/p>\t\t\t\t\t\t\t\t<\/div>\n\t\t\t\t<\/div>\n\t\t\t\t<\/div>\n\t\t\t\t\t<\/div>\n\t\t\t\t<\/div>\n\t\t<div class=\"elementor-element elementor-element-49873c6 e-con-full elementor-hidden-desktop elementor-hidden-laptop e-flex e-con e-parent\" data-id=\"49873c6\" data-element_type=\"container\" data-e-type=\"container\" data-settings=\"{&quot;background_background&quot;:&quot;classic&quot;}\">\n\t\t<div class=\"elementor-element elementor-element-c874000 e-con-full e-flex e-con e-child\" data-id=\"c874000\" data-element_type=\"container\" data-e-type=\"container\">\n\t\t\t\t<div class=\"elementor-element elementor-element-72b5d1e elementor-widget elementor-widget-heading\" data-id=\"72b5d1e\" data-element_type=\"widget\" data-e-type=\"widget\" data-widget_type=\"heading.default\">\n\t\t\t\t<div class=\"elementor-widget-container\">\n\t\t\t\t\t<h2 class=\"elementor-heading-title elementor-size-default\">\u00bfDe d\u00f3nde venimos?<\/h2>\t\t\t\t<\/div>\n\t\t\t\t<\/div>\n\t\t\t\t<div class=\"elementor-element elementor-element-18f2494 elementor-widget elementor-widget-heading\" data-id=\"18f2494\" data-element_type=\"widget\" data-e-type=\"widget\" data-widget_type=\"heading.default\">\n\t\t\t\t<div class=\"elementor-widget-container\">\n\t\t\t\t\t<h3 class=\"elementor-heading-title elementor-size-default\">Desde abajo, pero con ganas<\/h3>\t\t\t\t<\/div>\n\t\t\t\t<\/div>\n\t\t\t\t<div class=\"elementor-element elementor-element-95cf2df elementor-widget elementor-widget-text-editor\" data-id=\"95cf2df\" data-element_type=\"widget\" data-e-type=\"widget\" data-widget_type=\"text-editor.default\">\n\t\t\t\t<div class=\"elementor-widget-container\">\n\t\t\t\t\t\t\t\t\t<p>Empezamos con polvo en las manos y mil ideas en la cabeza. De aquel primer banco mal nivelado a crear espacios que cuentan historias. Venimos del mundo del mueble, s\u00ed, pero tambi\u00e9n de los sue\u00f1os grandes y los tornillos sueltos.<\/p>\t\t\t\t\t\t\t\t<\/div>\n\t\t\t\t<\/div>\n\t\t\t\t<\/div>\n\t\t<div class=\"elementor-element elementor-element-92e0823 e-con-full e-flex e-con e-child\" data-id=\"92e0823\" data-element_type=\"container\" data-e-type=\"container\">\n\t\t\t\t<div class=\"elementor-element elementor-element-4622408 elementor-widget elementor-widget-heading\" data-id=\"4622408\" data-element_type=\"widget\" data-e-type=\"widget\" data-widget_type=\"heading.default\">\n\t\t\t\t<div class=\"elementor-widget-container\">\n\t\t\t\t\t<h2 class=\"elementor-heading-title elementor-size-default\">\u00bfA d\u00f3nde vamos ?<\/h2>\t\t\t\t<\/div>\n\t\t\t\t<\/div>\n\t\t\t\t<div class=\"elementor-element elementor-element-72a89f4 elementor-widget elementor-widget-heading\" data-id=\"72a89f4\" data-element_type=\"widget\" data-e-type=\"widget\" data-widget_type=\"heading.default\">\n\t\t\t\t<div class=\"elementor-widget-container\">\n\t\t\t\t\t<h3 class=\"elementor-heading-title elementor-size-default\">M\u00e1s all\u00e1 del dise\u00f1o, hacia lo inesperado<\/h3>\t\t\t\t<\/div>\n\t\t\t\t<\/div>\n\t\t\t\t<div class=\"elementor-element elementor-element-5314a8c elementor-widget elementor-widget-text-editor\" data-id=\"5314a8c\" data-element_type=\"widget\" data-e-type=\"widget\" data-widget_type=\"text-editor.default\">\n\t\t\t\t<div class=\"elementor-widget-container\">\n\t\t\t\t\t\t\t\t\t<p>Vamos donde nos lleve la imaginaci\u00f3n (y un buen plano). Queremos llenar el mundo de madera con alma, r\u00f3tulos con mensaje y espacios que te abracen. So\u00f1amos con un taller sin l\u00edmites, donde el dise\u00f1o y la naturaleza manden.<\/p>\t\t\t\t\t\t\t\t<\/div>\n\t\t\t\t<\/div>\n\t\t\t\t<\/div>\n\t\t\t\t<\/div>\n\t\t<div class=\"elementor-element elementor-element-5214aae e-con-full e-flex e-con e-parent\" data-id=\"5214aae\" data-element_type=\"container\" data-e-type=\"container\" data-settings=\"{&quot;background_background&quot;:&quot;classic&quot;,&quot;background_motion_fx_motion_fx_scrolling&quot;:&quot;yes&quot;,&quot;background_motion_fx_devices&quot;:[&quot;desktop&quot;,&quot;laptop&quot;,&quot;tablet&quot;,&quot;mobile&quot;]}\">\n\t\t<div class=\"elementor-element elementor-element-fa9be37 e-con-full e-flex e-con e-child\" data-id=\"fa9be37\" data-element_type=\"container\" data-e-type=\"container\">\n\t\t\t\t<div class=\"elementor-element elementor-element-af02d40 elementor-widget elementor-widget-heading\" data-id=\"af02d40\" data-element_type=\"widget\" data-e-type=\"widget\" data-widget_type=\"heading.default\">\n\t\t\t\t<div class=\"elementor-widget-container\">\n\t\t\t\t\t<h3 class=\"elementor-heading-title elementor-size-default\">Proyectos personalizados<\/h3>\t\t\t\t<\/div>\n\t\t\t\t<\/div>\n\t\t\t\t<div class=\"elementor-element elementor-element-2cba78f elementor-widget elementor-widget-heading\" data-id=\"2cba78f\" data-element_type=\"widget\" data-e-type=\"widget\" data-widget_type=\"heading.default\">\n\t\t\t\t<div class=\"elementor-widget-container\">\n\t\t\t\t\t<h2 class=\"elementor-heading-title elementor-size-default\">Dise\u00f1o de espacios comerciales para diversos sectores<\/h2>\t\t\t\t<\/div>\n\t\t\t\t<\/div>\n\t\t\t\t<div class=\"elementor-element elementor-element-9d55043 elementor-widget elementor-widget-text-editor\" data-id=\"9d55043\" data-element_type=\"widget\" data-e-type=\"widget\" data-widget_type=\"text-editor.default\">\n\t\t\t\t<div class=\"elementor-widget-container\">\n\t\t\t\t\t\t\t\t\t<p>Ya sea que tengas una tienda de ropa, un restaurante, o una panader\u00eda, en Crea y M\u00e1s tenemos la experiencia necesaria para dise\u00f1ar un espacio que refleje tu identidad y atraiga a tus clientes.. \u00a1Haz crecer tu negocio con un dise\u00f1o que lo haga destacar!<\/p>\t\t\t\t\t\t\t\t<\/div>\n\t\t\t\t<\/div>\n\t\t\t\t<div class=\"elementor-element elementor-element-2951cf3 elementor-align-left elementor-widget elementor-widget-button\" data-id=\"2951cf3\" data-element_type=\"widget\" data-e-type=\"widget\" data-widget_type=\"button.default\">\n\t\t\t\t<div class=\"elementor-widget-container\">\n\t\t\t\t\t\t\t\t\t<div class=\"elementor-button-wrapper\">\n\t\t\t\t\t<a class=\"elementor-button elementor-button-link elementor-size-sm\" href=\"https:\/\/creamobiliariocomercial.com\/contacto\/\">\n\t\t\t\t\t\t<span class=\"elementor-button-content-wrapper\">\n\t\t\t\t\t\t\t\t\t<span class=\"elementor-button-text\">Cont\u00e1ctanos<\/span>\n\t\t\t\t\t<\/span>\n\t\t\t\t\t<\/a>\n\t\t\t\t<\/div>\n\t\t\t\t\t\t\t\t<\/div>\n\t\t\t\t<\/div>\n\t\t\t\t<\/div>\n\t\t\t\t<\/div>\n\t\t\t\t<\/div>\n\t\t","protected":false},"excerpt":{"rendered":"<p>Qui\u00e9nes somos Emprendedores Artesan\u00eda en mobiliario comercial Somos artesanos de la madera que crean mobiliario y elementos decorativos \u00fanicos y personalizados para negocios que buscan destacar. Cada pieza es una obra de arte, dise\u00f1ada y fabricada a mano con maderas ecol\u00f3gicas y materiales sostenibles. Transformamos espacios comerciales en ambientes acogedores y exclusivos, donde la naturaleza [&hellip;]<\/p>\n","protected":false},"author":2,"featured_media":0,"parent":0,"menu_order":0,"comment_status":"closed","ping_status":"closed","template":"","meta":{"_acf_changed":false,"footnotes":""},"class_list":["post-61","page","type-page","status-publish","hentry"],"acf":[],"yoast_head":"<!-- This site is optimized with the Yoast SEO plugin v27.0 - https:\/\/yoast.com\/product\/yoast-seo-wordpress\/ -->\n<title>Crea Mobiliario Comercial | Dise\u00f1o y fabricaci\u00f3n a medida<\/title>\n<meta name=\"description\" content=\"Somos fabricantes de mobiliario comercial en Barcelona. Dise\u00f1amos y creamos espacios \u00fanicos con muebles personalizados que potencian tu negocio.\" \/>\n<meta name=\"robots\" content=\"index, follow, max-snippet:-1, max-image-preview:large, max-video-preview:-1\" \/>\n<link rel=\"canonical\" href=\"https:\/\/creamobiliariocomercial.com\/ca\/quienes-somos\/\" \/>\n<meta property=\"og:locale\" content=\"ca_ES\" \/>\n<meta property=\"og:type\" content=\"article\" \/>\n<meta property=\"og:title\" content=\"Crea Mobiliario Comercial | Dise\u00f1o y fabricaci\u00f3n a medida\" \/>\n<meta property=\"og:description\" content=\"Somos fabricantes de mobiliario comercial en Barcelona. Dise\u00f1amos y creamos espacios \u00fanicos con muebles personalizados que potencian tu negocio.\" \/>\n<meta property=\"og:url\" content=\"https:\/\/creamobiliariocomercial.com\/ca\/quienes-somos\/\" \/>\n<meta property=\"og:site_name\" content=\"Crea Y Mas\" \/>\n<meta property=\"article:publisher\" content=\"https:\/\/www.facebook.com\/creaymasmobiliariocomercial\/\" \/>\n<meta property=\"article:modified_time\" content=\"2026-02-06T14:42:18+00:00\" \/>\n<meta name=\"twitter:card\" content=\"summary_large_image\" \/>\n<meta name=\"twitter:label1\" content=\"Temps estimat de lectura\" \/>\n\t<meta name=\"twitter:data1\" content=\"2 minuts\" \/>\n<script type=\"application\/ld+json\" class=\"yoast-schema-graph\">{\"@context\":\"https:\/\/schema.org\",\"@graph\":[{\"@type\":\"WebPage\",\"@id\":\"https:\/\/creamobiliariocomercial.com\/quienes-somos\/\",\"url\":\"https:\/\/creamobiliariocomercial.com\/quienes-somos\/\",\"name\":\"Crea Mobiliario Comercial | Dise\u00f1o y fabricaci\u00f3n a medida\",\"isPartOf\":{\"@id\":\"https:\/\/creamobiliariocomercial.com\/#website\"},\"datePublished\":\"2025-02-05T09:33:02+00:00\",\"dateModified\":\"2026-02-06T14:42:18+00:00\",\"description\":\"Somos fabricantes de mobiliario comercial en Barcelona. Dise\u00f1amos y creamos espacios \u00fanicos con muebles personalizados que potencian tu negocio.\",\"breadcrumb\":{\"@id\":\"https:\/\/creamobiliariocomercial.com\/quienes-somos\/#breadcrumb\"},\"inLanguage\":\"ca\",\"potentialAction\":[{\"@type\":\"ReadAction\",\"target\":[\"https:\/\/creamobiliariocomercial.com\/quienes-somos\/\"]}]},{\"@type\":\"BreadcrumbList\",\"@id\":\"https:\/\/creamobiliariocomercial.com\/quienes-somos\/#breadcrumb\",\"itemListElement\":[{\"@type\":\"ListItem\",\"position\":1,\"name\":\"Portada\",\"item\":\"https:\/\/creamobiliariocomercial.com\/\"},{\"@type\":\"ListItem\",\"position\":2,\"name\":\"\u00bfQui\u00e9nes somos?\"}]},{\"@type\":\"WebSite\",\"@id\":\"https:\/\/creamobiliariocomercial.com\/#website\",\"url\":\"https:\/\/creamobiliariocomercial.com\/\",\"name\":\"Crea Y Mas\",\"description\":\"Transforma tu espacio comercial con mobiliario a medida en Barcelona\",\"publisher\":{\"@id\":\"https:\/\/creamobiliariocomercial.com\/#organization\"},\"potentialAction\":[{\"@type\":\"SearchAction\",\"target\":{\"@type\":\"EntryPoint\",\"urlTemplate\":\"https:\/\/creamobiliariocomercial.com\/?s={search_term_string}\"},\"query-input\":{\"@type\":\"PropertyValueSpecification\",\"valueRequired\":true,\"valueName\":\"search_term_string\"}}],\"inLanguage\":\"ca\"},{\"@type\":\"Organization\",\"@id\":\"https:\/\/creamobiliariocomercial.com\/#organization\",\"name\":\"Crea Y Mas\",\"url\":\"https:\/\/creamobiliariocomercial.com\/\",\"logo\":{\"@type\":\"ImageObject\",\"inLanguage\":\"ca\",\"@id\":\"https:\/\/creamobiliariocomercial.com\/#\/schema\/logo\/image\/\",\"url\":\"https:\/\/creamobiliariocomercial.com\/wp-content\/uploads\/2025\/02\/logo.png\",\"contentUrl\":\"https:\/\/creamobiliariocomercial.com\/wp-content\/uploads\/2025\/02\/logo.png\",\"width\":191,\"height\":155,\"caption\":\"Crea Y Mas\"},\"image\":{\"@id\":\"https:\/\/creamobiliariocomercial.com\/#\/schema\/logo\/image\/\"},\"sameAs\":[\"https:\/\/www.facebook.com\/creaymasmobiliariocomercial\/\"]}]}<\/script>\n<!-- \/ Yoast SEO plugin. -->","yoast_head_json":{"title":"Crea Mobiliario Comercial | Dise\u00f1o y fabricaci\u00f3n a medida","description":"Somos fabricantes de mobiliario comercial en Barcelona. Dise\u00f1amos y creamos espacios \u00fanicos con muebles personalizados que potencian tu negocio.","robots":{"index":"index","follow":"follow","max-snippet":"max-snippet:-1","max-image-preview":"max-image-preview:large","max-video-preview":"max-video-preview:-1"},"canonical":"https:\/\/creamobiliariocomercial.com\/ca\/quienes-somos\/","og_locale":"ca_ES","og_type":"article","og_title":"Crea Mobiliario Comercial | Dise\u00f1o y fabricaci\u00f3n a medida","og_description":"Somos fabricantes de mobiliario comercial en Barcelona. Dise\u00f1amos y creamos espacios \u00fanicos con muebles personalizados que potencian tu negocio.","og_url":"https:\/\/creamobiliariocomercial.com\/ca\/quienes-somos\/","og_site_name":"Crea Y Mas","article_publisher":"https:\/\/www.facebook.com\/creaymasmobiliariocomercial\/","article_modified_time":"2026-02-06T14:42:18+00:00","twitter_card":"summary_large_image","twitter_misc":{"Temps estimat de lectura":"2 minuts"},"schema":{"@context":"https:\/\/schema.org","@graph":[{"@type":"WebPage","@id":"https:\/\/creamobiliariocomercial.com\/quienes-somos\/","url":"https:\/\/creamobiliariocomercial.com\/quienes-somos\/","name":"Crea Mobiliario Comercial | Dise\u00f1o y fabricaci\u00f3n a medida","isPartOf":{"@id":"https:\/\/creamobiliariocomercial.com\/#website"},"datePublished":"2025-02-05T09:33:02+00:00","dateModified":"2026-02-06T14:42:18+00:00","description":"Somos fabricantes de mobiliario comercial en Barcelona. Dise\u00f1amos y creamos espacios \u00fanicos con muebles personalizados que potencian tu negocio.","breadcrumb":{"@id":"https:\/\/creamobiliariocomercial.com\/quienes-somos\/#breadcrumb"},"inLanguage":"ca","potentialAction":[{"@type":"ReadAction","target":["https:\/\/creamobiliariocomercial.com\/quienes-somos\/"]}]},{"@type":"BreadcrumbList","@id":"https:\/\/creamobiliariocomercial.com\/quienes-somos\/#breadcrumb","itemListElement":[{"@type":"ListItem","position":1,"name":"Portada","item":"https:\/\/creamobiliariocomercial.com\/"},{"@type":"ListItem","position":2,"name":"\u00bfQui\u00e9nes somos?"}]},{"@type":"WebSite","@id":"https:\/\/creamobiliariocomercial.com\/#website","url":"https:\/\/creamobiliariocomercial.com\/","name":"Crea I Mas","description":"Transforma el teu espai comercial amb mobiliari a mida a Barcelona","publisher":{"@id":"https:\/\/creamobiliariocomercial.com\/#organization"},"potentialAction":[{"@type":"SearchAction","target":{"@type":"EntryPoint","urlTemplate":"https:\/\/creamobiliariocomercial.com\/?s={search_term_string}"},"query-input":{"@type":"PropertyValueSpecification","valueRequired":true,"valueName":"search_term_string"}}],"inLanguage":"ca"},{"@type":"Organization","@id":"https:\/\/creamobiliariocomercial.com\/#organization","name":"Crea I Mas","url":"https:\/\/creamobiliariocomercial.com\/","logo":{"@type":"ImageObject","inLanguage":"ca","@id":"https:\/\/creamobiliariocomercial.com\/#\/schema\/logo\/image\/","url":"https:\/\/creamobiliariocomercial.com\/wp-content\/uploads\/2025\/02\/logo.png","contentUrl":"https:\/\/creamobiliariocomercial.com\/wp-content\/uploads\/2025\/02\/logo.png","width":191,"height":155,"caption":"Crea Y Mas"},"image":{"@id":"https:\/\/creamobiliariocomercial.com\/#\/schema\/logo\/image\/"},"sameAs":["https:\/\/www.facebook.com\/creaymasmobiliariocomercial\/"]}]}},"_links":{"self":[{"href":"https:\/\/creamobiliariocomercial.com\/ca\/wp-json\/wp\/v2\/pages\/61","targetHints":{"allow":["GET"]}}],"collection":[{"href":"https:\/\/creamobiliariocomercial.com\/ca\/wp-json\/wp\/v2\/pages"}],"about":[{"href":"https:\/\/creamobiliariocomercial.com\/ca\/wp-json\/wp\/v2\/types\/page"}],"author":[{"embeddable":true,"href":"https:\/\/creamobiliariocomercial.com\/ca\/wp-json\/wp\/v2\/users\/2"}],"replies":[{"embeddable":true,"href":"https:\/\/creamobiliariocomercial.com\/ca\/wp-json\/wp\/v2\/comments?post=61"}],"version-history":[{"count":12,"href":"https:\/\/creamobiliariocomercial.com\/ca\/wp-json\/wp\/v2\/pages\/61\/revisions"}],"predecessor-version":[{"id":11171,"href":"https:\/\/creamobiliariocomercial.com\/ca\/wp-json\/wp\/v2\/pages\/61\/revisions\/11171"}],"wp:attachment":[{"href":"https:\/\/creamobiliariocomercial.com\/ca\/wp-json\/wp\/v2\/media?parent=61"}],"curies":[{"name":"wp","href":"https:\/\/api.w.org\/{rel}","templated":true}]}}