{"id":24,"date":"2025-02-05T09:07:04","date_gmt":"2025-02-05T09:07:04","guid":{"rendered":"https:\/\/creamobiliariocomercial.com\/aviso-legal\/"},"modified":"2026-02-03T11:00:27","modified_gmt":"2026-02-03T10:00:27","slug":"aviso-legal","status":"publish","type":"page","link":"https:\/\/creamobiliariocomercial.com\/ca\/aviso-legal\/","title":{"rendered":"Av\u00eds legal"},"content":{"rendered":"<div data-elementor-type=\"wp-page\" data-elementor-id=\"24\" class=\"elementor elementor-24\" data-elementor-post-type=\"page\">\n\t\t\t\t<div class=\"elementor-element elementor-element-473cc282 e-con-full e-flex e-con e-parent\" data-id=\"473cc282\" data-element_type=\"container\" data-e-type=\"container\" data-settings=\"{&quot;background_background&quot;:&quot;classic&quot;}\">\n\t\t<div class=\"elementor-element elementor-element-1c95e500 e-con-full e-flex e-con e-child\" data-id=\"1c95e500\" data-element_type=\"container\" data-e-type=\"container\">\n\t\t\t\t<div class=\"elementor-element elementor-element-3cc827f2 elementor-widget__width-inherit elementor-widget elementor-widget-heading\" data-id=\"3cc827f2\" data-element_type=\"widget\" data-e-type=\"widget\" data-widget_type=\"heading.default\">\n\t\t\t\t<div class=\"elementor-widget-container\">\n\t\t\t\t\t<h1 class=\"elementor-heading-title elementor-size-default\">Av\u00eds legal<\/h1>\t\t\t\t<\/div>\n\t\t\t\t<\/div>\n\t\t\t\t<\/div>\n\t\t\t\t<\/div>\n\t\t<div class=\"elementor-element elementor-element-6346ee8 e-con-full post-content e-flex e-con e-parent\" data-id=\"6346ee8\" data-element_type=\"container\" data-e-type=\"container\" data-settings=\"{&quot;background_background&quot;:&quot;classic&quot;}\">\n\t\t<div class=\"elementor-element elementor-element-f627393 e-con-full e-flex e-con e-child\" data-id=\"f627393\" data-element_type=\"container\" data-e-type=\"container\">\n\t\t\t\t<div class=\"elementor-element elementor-element-3a18116f elementor-widget elementor-widget-text-editor\" data-id=\"3a18116f\" data-element_type=\"widget\" data-e-type=\"widget\" data-widget_type=\"text-editor.default\">\n\t\t\t\t<div class=\"elementor-widget-container\">\n\t\t\t\t\t\t\t\t\t<h3>Responsable del tractament de les dades<\/h3><p>En compliment del deure informaci\u00f3 que estableix la Llei 34\/2002, d&#039;11 de juliol, de Serveis de la Societat de la Informaci\u00f3 i del Comer\u00e7 Electr\u00f2nic, us comuniquem que aquesta web \u00e9s titularitat de:<\/p><ul><li>Nom: MARIA ASUNCI\u00d3N MOYA PERNI amb NIF 46559725C<\/li><li>Adre\u00e7a: General Manso 23, 08907 L&#039;Hospitalet de Llobregat (Barcelona)<\/li><li>Tel\u00e8fon: 644977573<\/li><li>Correu electr\u00f2nic: <a href=\"mailto:info@creamobiliariocomercial.com\">info@creamobiliariocomercial.com<\/a><\/li><\/ul><h3>Objecte<\/h3><p>El Responsable posa a disposici\u00f3 dels usuaris aquest document amb el qual pret\u00e9n donar compliment al que disposa la normativa vigent en mat\u00e8ria de protecci\u00f3 de dades, en el context del nou marc normatiu establert en virtut del Reglament (UE) 2016\/679 del Parlament Europeu i del Consell, de 27 d&#039;abril de 2016 (d&#039;ara endavant, el \u201cRGPD\u201d), relatiu a la \u201cRGPD\u201d), relatiu circulaci\u00f3 daquestes dades, i la normativa nacional aplicable.<\/p><p>Aix\u00ed mateix, us informa sobre les condicions d&#039;\u00fas del lloc web. Tota persona que accedeixi a aquest lloc web assumeix el paper dusuari, comprometent-se al compliment rigor\u00f3s de les disposicions aqu\u00ed disposades, aix\u00ed com a qualsevol altra disposici\u00f3 legal aplicable.<\/p><p>El Responsable es reserva el dret a modificar qualsevol tipus d&#039;informaci\u00f3 que pogu\u00e9s apar\u00e8ixer al lloc web sense necessitat de preav\u00eds, entenent-se com a suficient la seva publicaci\u00f3.<\/p><h3>Responsabilitat<\/h3><p>El Responsable s&#039;eximeix de qualsevol tipus de responsabilitat derivada de la informaci\u00f3 publicada al vostre lloc web, sempre que aquesta hagi estat manipulada o introdu\u00efda per un tercer ali\u00e8 al mateix.<\/p><h3>Adreces IP<\/h3><p>Els servidors del lloc web podran detectar autom\u00e0ticament ladre\u00e7a IP i el nom de domini utilitzats per lusuari. Una adre\u00e7a IP \u00e9s un n\u00famero assignat autom\u00e0ticament a un ordinador quan es connecta a Internet.<\/p><p>Tota aquesta informaci\u00f3 queda registrada en un fitxer d&#039;activitat del servidor, que permet el tractament posterior de les dades amb finalitats estad\u00edstiques: nombre d&#039;impressions de p\u00e0gines, visites als servidors web, ordre de visites, punt d&#039;acc\u00e9s, etc.<\/p><h3>Pol\u00edtica d&#039;enlla\u00e7os<\/h3><p>Des d&#039;aquest lloc web \u00e9s possible que es redirigeixi a continguts de tercers. At\u00e8s que el Responsable no pot controlar sempre els continguts introdu\u00efts per tercers als seus llocs web, no assumeix cap mena de responsabilitat respecte a aquests continguts.<\/p><p>Aix\u00f2 no obstant, el responsable manifesta que retirar\u00e0 de forma immediata qualsevol contingut que pogu\u00e9s contravenir la legislaci\u00f3 nacional o internacional, la moral o l&#039;ordre p\u00fablic, i ho posar\u00e0 en coneixement de les autoritats competents.<\/p><p>El Responsable no es fa responsable de la informaci\u00f3 emmagatzemada en f\u00f2rums, xats, blocs, comentaris, xarxes socials o qualsevol altre mitj\u00e0 que permeti a tercers publicar continguts de forma independent a la web del Responsable.<\/p><p>Tot i aix\u00f2, en compliment de l&#039;art. 11 i 16 de la LSSICE, el Responsable es posa a disposici\u00f3 de tots els usuaris, autoritats i forces de seguretat, col\u00b7laborant activament en la retirada o bloqueig de continguts que poguessin afectar o contravenir drets o lleis aplicables.<\/p><p>Aquest lloc web ha estat revisat i provat perqu\u00e8 funcioni correctament els 365 dies de l&#039;any, 24 hores al dia. Tot i aix\u00f2, el Responsable no descarta la possibilitat d&#039;errors de programaci\u00f3, causes de for\u00e7a major, cat\u00e0strofes naturals, vagues o altres circumst\u00e0ncies que impossibilitin l&#039;acc\u00e9s al lloc web.<\/p><h3>Protecci\u00f3 de dades<\/h3><p>El Responsable est\u00e0 comprom\u00e8s amb el compliment de la normativa vigent en mat\u00e8ria de protecci\u00f3 de dades, incloent-hi el Reglament (UE) 2016\/679 (RGPD) i la normativa nacional corresponent.<\/p><p>Aix\u00ed mateix, d\u00f3na compliment a la Llei 34\/2002, d&#039;11 de juliol, de serveis de la societat de la informaci\u00f3 i comer\u00e7 electr\u00f2nic, i sol\u00b7licitar\u00e0 en cada moment el consentiment per al tractament de les dades amb fins comercials.<\/p><h3>Propietat intel\u00b7lectual i industrial<\/h3><p>El lloc web, incloent-hi la programaci\u00f3, edici\u00f3, compilaci\u00f3, dissenys, logotips, textos i\/o gr\u00e0fics, \u00e9s propietat del Responsable o compta amb llic\u00e8ncia o autoritzaci\u00f3 expressa dels autors.<\/p><p>Tots els continguts estan protegits per la normativa de propietat intel\u00b7lectual i industrial. La reproducci\u00f3, \u00fas, distribuci\u00f3 o comercialitzaci\u00f3 requereix autoritzaci\u00f3 escrita pr\u00e8via del responsable.<\/p><p>Els dissenys, logotips o textos aliens al Responsable que puguin apar\u00e8ixer al lloc web pertanyen als seus respectius propietaris. El Responsable compta amb la seva autoritzaci\u00f3 expressa per mostrar-los i no es responsabilitza de possibles controv\u00e8rsies que se&#039;n puguin derivar.<\/p><p>S&#039;autoritza tercers a redirigir directament a continguts concrets del lloc web, sempre que es redirigeixi a la p\u00e0gina principal.<\/p><p>El responsable reconeix a favor dels seus titulars els drets de propietat intel\u00b7lectual i industrial. La menci\u00f3 o aparici\u00f3 al lloc web no implica drets, responsabilitat ni patrocini per part del Responsable.<\/p><p>Per aquelles imatges on el programari ho permet, s&#039;hi han incl\u00f2s les refer\u00e8ncies d&#039;autoria i llic\u00e8ncia corresponents.<\/p><p>Per a observacions sobre possibles infraccions de drets o continguts, podeu escriure a: <a href=\"mailto:info@creamobiliariocomercial.com\">info@creamobiliariocomercial.com<\/a><\/p>\t\t\t\t\t\t\t\t<\/div>\n\t\t\t\t<\/div>\n\t\t\t\t<\/div>\n\t\t\t\t<\/div>\n\t\t\t\t<\/div>","protected":false},"excerpt":{"rendered":"<p>Responsable del tratamiento de los datos En cumplimiento del deber de informaci\u00f3n que establece la Ley 34\/2002, de 11 de julio, de Servicios de la Sociedad de la Informaci\u00f3n y del Comercio Electr\u00f3nico, le comunicamos que esta web es titularidad de: Nombre: MARIA ASUNCI\u00d3N MOYA PERNI con NIF 46559725C Direcci\u00f3n: General Manso 23, 08907 L&#8217;Hospitalet [&hellip;]<\/p>\n","protected":false},"author":1,"featured_media":0,"parent":0,"menu_order":0,"comment_status":"closed","ping_status":"closed","template":"","meta":{"_acf_changed":false,"footnotes":""},"class_list":["post-24","page","type-page","status-publish","hentry"],"acf":[],"yoast_head":"<!-- This site is optimized with the Yoast SEO plugin v27.0 - https:\/\/yoast.com\/product\/yoast-seo-wordpress\/ -->\n<title>Aviso legal - Crea Y Mas<\/title>\n<meta name=\"robots\" content=\"index, follow, max-snippet:-1, max-image-preview:large, max-video-preview:-1\" \/>\n<link rel=\"canonical\" href=\"https:\/\/creamobiliariocomercial.com\/ca\/aviso-legal\/\" \/>\n<meta property=\"og:locale\" content=\"ca_ES\" \/>\n<meta property=\"og:type\" content=\"article\" \/>\n<meta property=\"og:title\" content=\"Aviso legal - Crea Y Mas\" \/>\n<meta property=\"og:description\" content=\"Responsable del tratamiento de los datos En cumplimiento del deber de informaci\u00f3n que establece la Ley 34\/2002, de 11 de julio, de Servicios de la Sociedad de la Informaci\u00f3n y del Comercio Electr\u00f3nico, le comunicamos que esta web es titularidad de: Nombre: MARIA ASUNCI\u00d3N MOYA PERNI con NIF 46559725C Direcci\u00f3n: General Manso 23, 08907 L&#8217;Hospitalet [&hellip;]\" \/>\n<meta property=\"og:url\" content=\"https:\/\/creamobiliariocomercial.com\/ca\/aviso-legal\/\" \/>\n<meta property=\"og:site_name\" content=\"Crea Y Mas\" \/>\n<meta property=\"article:publisher\" content=\"https:\/\/www.facebook.com\/creaymasmobiliariocomercial\/\" \/>\n<meta property=\"article:modified_time\" content=\"2026-02-03T10:00:27+00:00\" \/>\n<meta name=\"twitter:card\" content=\"summary_large_image\" \/>\n<meta name=\"twitter:label1\" content=\"Temps estimat de lectura\" \/>\n\t<meta name=\"twitter:data1\" content=\"4 minuts\" \/>\n<script type=\"application\/ld+json\" class=\"yoast-schema-graph\">{\"@context\":\"https:\/\/schema.org\",\"@graph\":[{\"@type\":\"WebPage\",\"@id\":\"https:\/\/creamobiliariocomercial.com\/aviso-legal\/\",\"url\":\"https:\/\/creamobiliariocomercial.com\/aviso-legal\/\",\"name\":\"Aviso legal - Crea Y Mas\",\"isPartOf\":{\"@id\":\"https:\/\/creamobiliariocomercial.com\/#website\"},\"datePublished\":\"2025-02-05T09:07:04+00:00\",\"dateModified\":\"2026-02-03T10:00:27+00:00\",\"breadcrumb\":{\"@id\":\"https:\/\/creamobiliariocomercial.com\/aviso-legal\/#breadcrumb\"},\"inLanguage\":\"ca\",\"potentialAction\":[{\"@type\":\"ReadAction\",\"target\":[\"https:\/\/creamobiliariocomercial.com\/aviso-legal\/\"]}]},{\"@type\":\"BreadcrumbList\",\"@id\":\"https:\/\/creamobiliariocomercial.com\/aviso-legal\/#breadcrumb\",\"itemListElement\":[{\"@type\":\"ListItem\",\"position\":1,\"name\":\"Portada\",\"item\":\"https:\/\/creamobiliariocomercial.com\/\"},{\"@type\":\"ListItem\",\"position\":2,\"name\":\"Aviso legal\"}]},{\"@type\":\"WebSite\",\"@id\":\"https:\/\/creamobiliariocomercial.com\/#website\",\"url\":\"https:\/\/creamobiliariocomercial.com\/\",\"name\":\"Crea Y Mas\",\"description\":\"Transforma tu espacio comercial con mobiliario a medida en Barcelona\",\"publisher\":{\"@id\":\"https:\/\/creamobiliariocomercial.com\/#organization\"},\"potentialAction\":[{\"@type\":\"SearchAction\",\"target\":{\"@type\":\"EntryPoint\",\"urlTemplate\":\"https:\/\/creamobiliariocomercial.com\/?s={search_term_string}\"},\"query-input\":{\"@type\":\"PropertyValueSpecification\",\"valueRequired\":true,\"valueName\":\"search_term_string\"}}],\"inLanguage\":\"ca\"},{\"@type\":\"Organization\",\"@id\":\"https:\/\/creamobiliariocomercial.com\/#organization\",\"name\":\"Crea Y Mas\",\"url\":\"https:\/\/creamobiliariocomercial.com\/\",\"logo\":{\"@type\":\"ImageObject\",\"inLanguage\":\"ca\",\"@id\":\"https:\/\/creamobiliariocomercial.com\/#\/schema\/logo\/image\/\",\"url\":\"https:\/\/creamobiliariocomercial.com\/wp-content\/uploads\/2025\/02\/logo.png\",\"contentUrl\":\"https:\/\/creamobiliariocomercial.com\/wp-content\/uploads\/2025\/02\/logo.png\",\"width\":191,\"height\":155,\"caption\":\"Crea Y Mas\"},\"image\":{\"@id\":\"https:\/\/creamobiliariocomercial.com\/#\/schema\/logo\/image\/\"},\"sameAs\":[\"https:\/\/www.facebook.com\/creaymasmobiliariocomercial\/\"]}]}<\/script>\n<!-- \/ Yoast SEO plugin. -->","yoast_head_json":{"title":"Aviso legal - Crea Y Mas","robots":{"index":"index","follow":"follow","max-snippet":"max-snippet:-1","max-image-preview":"max-image-preview:large","max-video-preview":"max-video-preview:-1"},"canonical":"https:\/\/creamobiliariocomercial.com\/ca\/aviso-legal\/","og_locale":"ca_ES","og_type":"article","og_title":"Aviso legal - Crea Y Mas","og_description":"Responsable del tratamiento de los datos En cumplimiento del deber de informaci\u00f3n que establece la Ley 34\/2002, de 11 de julio, de Servicios de la Sociedad de la Informaci\u00f3n y del Comercio Electr\u00f3nico, le comunicamos que esta web es titularidad de: Nombre: MARIA ASUNCI\u00d3N MOYA PERNI con NIF 46559725C Direcci\u00f3n: General Manso 23, 08907 L&#8217;Hospitalet [&hellip;]","og_url":"https:\/\/creamobiliariocomercial.com\/ca\/aviso-legal\/","og_site_name":"Crea Y Mas","article_publisher":"https:\/\/www.facebook.com\/creaymasmobiliariocomercial\/","article_modified_time":"2026-02-03T10:00:27+00:00","twitter_card":"summary_large_image","twitter_misc":{"Temps estimat de lectura":"4 minuts"},"schema":{"@context":"https:\/\/schema.org","@graph":[{"@type":"WebPage","@id":"https:\/\/creamobiliariocomercial.com\/aviso-legal\/","url":"https:\/\/creamobiliariocomercial.com\/aviso-legal\/","name":"Aviso legal - Crea Y Mas","isPartOf":{"@id":"https:\/\/creamobiliariocomercial.com\/#website"},"datePublished":"2025-02-05T09:07:04+00:00","dateModified":"2026-02-03T10:00:27+00:00","breadcrumb":{"@id":"https:\/\/creamobiliariocomercial.com\/aviso-legal\/#breadcrumb"},"inLanguage":"ca","potentialAction":[{"@type":"ReadAction","target":["https:\/\/creamobiliariocomercial.com\/aviso-legal\/"]}]},{"@type":"BreadcrumbList","@id":"https:\/\/creamobiliariocomercial.com\/aviso-legal\/#breadcrumb","itemListElement":[{"@type":"ListItem","position":1,"name":"Portada","item":"https:\/\/creamobiliariocomercial.com\/"},{"@type":"ListItem","position":2,"name":"Aviso legal"}]},{"@type":"WebSite","@id":"https:\/\/creamobiliariocomercial.com\/#website","url":"https:\/\/creamobiliariocomercial.com\/","name":"Crea I Mas","description":"Transforma el teu espai comercial amb mobiliari a mida a Barcelona","publisher":{"@id":"https:\/\/creamobiliariocomercial.com\/#organization"},"potentialAction":[{"@type":"SearchAction","target":{"@type":"EntryPoint","urlTemplate":"https:\/\/creamobiliariocomercial.com\/?s={search_term_string}"},"query-input":{"@type":"PropertyValueSpecification","valueRequired":true,"valueName":"search_term_string"}}],"inLanguage":"ca"},{"@type":"Organization","@id":"https:\/\/creamobiliariocomercial.com\/#organization","name":"Crea I Mas","url":"https:\/\/creamobiliariocomercial.com\/","logo":{"@type":"ImageObject","inLanguage":"ca","@id":"https:\/\/creamobiliariocomercial.com\/#\/schema\/logo\/image\/","url":"https:\/\/creamobiliariocomercial.com\/wp-content\/uploads\/2025\/02\/logo.png","contentUrl":"https:\/\/creamobiliariocomercial.com\/wp-content\/uploads\/2025\/02\/logo.png","width":191,"height":155,"caption":"Crea Y Mas"},"image":{"@id":"https:\/\/creamobiliariocomercial.com\/#\/schema\/logo\/image\/"},"sameAs":["https:\/\/www.facebook.com\/creaymasmobiliariocomercial\/"]}]}},"_links":{"self":[{"href":"https:\/\/creamobiliariocomercial.com\/ca\/wp-json\/wp\/v2\/pages\/24","targetHints":{"allow":["GET"]}}],"collection":[{"href":"https:\/\/creamobiliariocomercial.com\/ca\/wp-json\/wp\/v2\/pages"}],"about":[{"href":"https:\/\/creamobiliariocomercial.com\/ca\/wp-json\/wp\/v2\/types\/page"}],"author":[{"embeddable":true,"href":"https:\/\/creamobiliariocomercial.com\/ca\/wp-json\/wp\/v2\/users\/1"}],"replies":[{"embeddable":true,"href":"https:\/\/creamobiliariocomercial.com\/ca\/wp-json\/wp\/v2\/comments?post=24"}],"version-history":[{"count":3,"href":"https:\/\/creamobiliariocomercial.com\/ca\/wp-json\/wp\/v2\/pages\/24\/revisions"}],"predecessor-version":[{"id":10834,"href":"https:\/\/creamobiliariocomercial.com\/ca\/wp-json\/wp\/v2\/pages\/24\/revisions\/10834"}],"wp:attachment":[{"href":"https:\/\/creamobiliariocomercial.com\/ca\/wp-json\/wp\/v2\/media?parent=24"}],"curies":[{"name":"wp","href":"https:\/\/api.w.org\/{rel}","templated":true}]}}