{"id":18,"date":"2025-02-05T09:07:04","date_gmt":"2025-02-05T09:07:04","guid":{"rendered":"https:\/\/creamobiliariocomercial.com\/politica-de-cookies\/"},"modified":"2026-02-03T11:01:43","modified_gmt":"2026-02-03T10:01:43","slug":"politica-de-cookies","status":"publish","type":"page","link":"https:\/\/creamobiliariocomercial.com\/ca\/politica-de-cookies\/","title":{"rendered":"Pol\u00edtica de cookies"},"content":{"rendered":"<div data-elementor-type=\"wp-page\" data-elementor-id=\"18\" class=\"elementor elementor-18\" data-elementor-post-type=\"page\">\n\t\t\t\t<div class=\"elementor-element elementor-element-77f7efb5 e-con-full e-flex e-con e-parent\" data-id=\"77f7efb5\" data-element_type=\"container\" data-e-type=\"container\" data-settings=\"{&quot;background_background&quot;:&quot;classic&quot;}\">\n\t\t<div class=\"elementor-element elementor-element-5469f8b6 e-con-full e-flex e-con e-child\" data-id=\"5469f8b6\" data-element_type=\"container\" data-e-type=\"container\">\n\t\t\t\t<div class=\"elementor-element elementor-element-6ddfafd1 elementor-widget__width-inherit elementor-widget elementor-widget-heading\" data-id=\"6ddfafd1\" data-element_type=\"widget\" data-e-type=\"widget\" data-widget_type=\"heading.default\">\n\t\t\t\t<div class=\"elementor-widget-container\">\n\t\t\t\t\t<h1 class=\"elementor-heading-title elementor-size-default\">Pol\u00edtica de cookies<\/h1>\t\t\t\t<\/div>\n\t\t\t\t<\/div>\n\t\t\t\t<\/div>\n\t\t\t\t<\/div>\n\t\t<div class=\"elementor-element elementor-element-6f5f01d5 e-con-full post-content e-flex e-con e-parent\" data-id=\"6f5f01d5\" data-element_type=\"container\" data-e-type=\"container\" data-settings=\"{&quot;background_background&quot;:&quot;classic&quot;}\">\n\t\t<div class=\"elementor-element elementor-element-92583a0 e-con-full e-flex e-con e-child\" data-id=\"92583a0\" data-element_type=\"container\" data-e-type=\"container\">\n\t\t\t\t<div class=\"elementor-element elementor-element-7619b7dd elementor-widget elementor-widget-text-editor\" data-id=\"7619b7dd\" data-element_type=\"widget\" data-e-type=\"widget\" data-widget_type=\"text-editor.default\">\n\t\t\t\t<div class=\"elementor-widget-container\">\n\t\t\t\t\t\t\t\t\t<h2 class=\"wp-block-heading\">Qu\u00e8 s\u00f3n les galetes?<\/h2>\n<p>Una <em>galeta<\/em> \u00e9s un petit arxiu de text que s&#039;emmagatzema al vostre navegador quan visita gaireb\u00e9 qualsevol p\u00e0gina web. La seva utilitat \u00e9s que la web pugui recordar la seva visita quan torni a navegar per ella.<\/p>\n<p>L&#039;objectiu de les cookies \u00e9s adaptar el contingut de la web al vostre perfil i necessitats. Sense elles, els serveis oferts per qualsevol p\u00e0gina es veurien notablement minvats.<\/p>\n<p>Si voleu consultar m\u00e9s informaci\u00f3 sobre qu\u00e8 s\u00f3n les galetes, qu\u00e8 emmagatzemen, com eliminar-les o desactivar-les, podeu consultar l&#039;apartat corresponent m\u00e9s avall.<\/p>\n\n<h3 class=\"wp-block-heading\">Cookies utilitzades en aquest lloc web<\/h3>\n<p>Seguint les directrius de l&#039;Ag\u00e8ncia Espanyola de Protecci\u00f3 de Dades, detallem l&#039;\u00fas de cookies que fa aquest lloc web per tal d&#039;informar-vos amb la m\u00e0xima exactitud possible.<\/p>\n\n<h3 class=\"wp-block-heading\">Cookies pr\u00f2pies<\/h3>\n<p><strong>Galetes de sessi\u00f3<\/strong>: S&#039;utilitzen per garantir que els usuaris que escriuen comentaris siguin humans i no aplicacions automatitzades. D&#039;aquesta manera es combat el correu brossa.<\/p>\n\n<h3 class=\"wp-block-heading\">Galetes de tercers<\/h3>\n<p><strong>Google Analytics<\/strong>: Emmagatzema cookies per elaborar estad\u00edstiques sobre el tr\u00e0nsit i volum de visites d&#039;aquest lloc web En utilitzar aquest lloc web, esteu consentint el tractament d&#039;informaci\u00f3 per part de Google.<\/p>\n<p><strong>Xarxes socials<\/strong>: Cada xarxa social utilitza les seves pr\u00f2pies galetes perqu\u00e8 vost\u00e8 pugui interactuar amb botons del tipus \u201cM&#039;agrada\u201d o \u201cCompartir\u201d.<\/p>\n<ul>\n  <li>YouTube<\/li>\n  <li>Twitter<\/li>\n  <li>Facebook<\/li>\n<\/ul>\n<p>Tamb\u00e9 \u00e9s possible que, en visitar una web o obrir un email on es publiqui una promoci\u00f3 sobre els nostres serveis, s&#039;instal\u00b7li al vostre navegador alguna galeta que serveixi per mostrar publicitat relacionada amb els seus interessos o mesurar l&#039;efectivitat d&#039;una campanya publicit\u00e0ria.<\/p>\n\n<h3 class=\"wp-block-heading\">Desactivaci\u00f3 o eliminaci\u00f3 de cookies<\/h3>\n<p>Podeu exercir el vostre dret a desactivar o eliminar les galetes d&#039;aquest lloc web en qualsevol moment. Aquestes accions es realitzen de manera diferent en funci\u00f3 del navegador que utilitzeu. A l&#039;apartat corresponent trobareu una guia r\u00e0pida per als navegadors m\u00e9s populars.<\/p>\n\n<h3 class=\"wp-block-heading\">Notes addicionals<\/h3>\n<p>Ni aquesta web ni els seus representants legals es fan responsables del contingut o veracitat de les pol\u00edtiques de privadesa que puguin tenir els tercers esmentats en aquesta pol\u00edtica de cookies.<\/p>\n<p>Els navegadors web s\u00f3n les eines encarregades demmagatzemar les cookies. Des d&#039;aquest lloc web es pot exercir el dret a eliminar-les o desactivar-les, per\u00f2 no es pot garantir la manipulaci\u00f3 correcta o incorrecta de les cookies per part dels navegadors.<\/p>\n<p>En alguns casos \u00e9s necessari instal\u00b7lar galetes perqu\u00e8 el navegador recordi la seva decisi\u00f3 de no acceptar-les.<\/p>\n<p>Google Analytics emmagatzema galetes en servidors ubicats als EUA. i es compromet a no compartir aquesta informaci\u00f3, excepte per exig\u00e8ncia legal o necessitat del sistema. Google compleix amb el <a href=\"https:\/\/www.privacyshield.gov\/list\" target=\"_blank\" rel=\"noopener noreferrer\">Escut de Privadesa<\/a>, la qual cosa garanteix que les dades transferides seran tractades amb un nivell de protecci\u00f3 d&#039;acord amb la normativa europea. M\u00e9s informaci\u00f3 sobre les galetes de Google Analytics <a href=\"https:\/\/developers.google.com\/analytics\/devguides\/collection\/analyticsjs\/cookie-usage?hl=es\" target=\"_blank\" rel=\"noopener noreferrer\">aqu\u00ed<\/a>.<\/p>\n<p>Per a qualsevol dubte sobre aquesta pol\u00edtica, podeu contactar amb nosaltres a trav\u00e9s del formulari de contacte.<\/p>\n\n<h2 class=\"wp-block-heading\">M\u00e9s informaci\u00f3 sobre les cookies<\/h2>\n\n<h3 class=\"wp-block-heading\">Qu\u00e8 NO \u00e9s una galeta?<\/h3>\n<p>No \u00e9s un virus, ni un troi\u00e0, ni un cuc, ni spam, ni spyware, ni obre finestres emergents.<\/p>\n\n<h3 class=\"wp-block-heading\">Quina informaci\u00f3 emmagatzemen les galetes?<\/h3>\n<p>Les galetes no solen emmagatzemar informaci\u00f3 sensible com targetes de cr\u00e8dit, dades banc\u00e0ries, fotografies, DNI o informaci\u00f3 personal. Les dades que guarden s\u00f3n de car\u00e0cter t\u00e8cnic, prefer\u00e8ncies personals, personalitzaci\u00f3 de continguts, etc.<\/p>\n<p>El servidor web no us associa com a persona, sin\u00f3 al vostre navegador. Per exemple, si navega habitualment amb Chrome i un dia ho fa amb Firefox, veureu que la web no reconeix que sou la mateixa persona.<\/p>\n\n<h3 class=\"wp-block-heading\">Tipus de cookies<\/h3>\n<ul>\n  <li><strong>Galetes t\u00e8cniques<\/strong>: S\u00f3n les m\u00e9s b\u00e0siques i permeten saber si est\u00e0 navegant un hum\u00e0 o una aplicaci\u00f3 automatitzada, si est\u00e0 connectat un usuari an\u00f2nim o un de registrat.<\/li>\n  <li><strong>Galetes d&#039;an\u00e0lisi<\/strong>: Recullen informaci\u00f3 sobre el tipus de navegaci\u00f3, seccions m\u00e9s visitades, productes consultats, zona hor\u00e0ria, idioma, etc.<\/li>\n  <li><strong>Galetes publicit\u00e0ries<\/strong>: Mostren publicitat en funci\u00f3 de la vostra navegaci\u00f3, pa\u00eds, idioma, etc.<\/li>\n<\/ul>\n\n<h3 class=\"wp-block-heading\">Cookies pr\u00f2pies i de tercers<\/h3>\n<p><strong>Cookies pr\u00f2pies<\/strong>: S\u00f3n generades per la web que est\u00e0 visitant.<\/p>\n<p><strong>Galetes de tercers<\/strong>: S\u00f3n generades per serveis externs com Facebook, Twitter, Google, etc.<\/p>\n\n<h3 class=\"wp-block-heading\">Qu\u00e8 passa si desactiu les galetes?<\/h3>\n<p>Alguns exemples del que pot passar:<\/p>\n<ul>\n  <li>No podreu compartir contingut en xarxes socials.<\/li>\n  <li>El lloc no podr\u00e0 adaptar els continguts a les vostres prefer\u00e8ncies.<\/li>\n  <li>No podreu accedir a l&#039;\u00e0rea personal d&#039;aquesta web.<\/li>\n  <li>No podreu comprar en l\u00ednia a botigues que utilitzin cookies.<\/li>\n  <li>Es perdr\u00e0 la personalitzaci\u00f3 de zona hor\u00e0ria, idioma o divisa.<\/li>\n  <li>No es podr\u00e0 fer an\u00e0lisi web, cosa que afecta la competitivitat del lloc.<\/li>\n  <li>No podreu escriure comentaris o interactuar com a usuari registrat.<\/li>\n  <li>No es mostrar\u00e0 publicitat segmentada.<\/li>\n  <li>No podreu utilitzar xarxes socials si les galetes estan desactivades.<\/li>\n<\/ul>\n\n<h3 class=\"wp-block-heading\">Es poden eliminar les galetes?<\/h3>\n<p>S\u00ed. No nom\u00e9s es poden eliminar, tamb\u00e9 bloquejar, tant de manera general com espec\u00edfica per a un domini.<\/p>\n<p>Per eliminar galetes d&#039;un lloc web heu d&#039;accedir a la configuraci\u00f3 del vostre navegador i cercar les galetes associades al domini en q\u00fcesti\u00f3.<\/p>\n\n<h2 class=\"wp-block-heading\">Configuraci\u00f3 de cookies a navegadors<\/h2>\n\n<h3 class=\"wp-block-heading\">Google Chrome<\/h3>\n<ul>\n  <li>Aneu a Configuraci\u00f3 (icona de tres punts o des del men\u00fa).<\/li>\n  <li>Accediu a Privadesa i seguretat &gt; Configuraci\u00f3 de llocs.<\/li>\n  <li>Seleccioneu \u00abVeure totes les galetes i les dades de llocs\u00bb.<\/li>\n  <li>Busqueu el domini en q\u00fcesti\u00f3 i elimineu les cookies.<\/li>\n<\/ul>\n\n<h3 class=\"wp-block-heading\">Mozilla Firefox<\/h3>\n<ul>\n  <li>Aneu a Opcions &gt; Privadesa i seguretat.<\/li>\n  <li>A la secci\u00f3 Galetes i dades del lloc, podeu gestionar-les i suprimir-les.<\/li>\n<\/ul>\n\n<h3 class=\"wp-block-heading\">Safari (macOS)<\/h3>\n<ul>\n  <li>Aneu a Prefer\u00e8ncies &gt; Privadesa.<\/li>\n  <li>Des d&#039;aqu\u00ed podeu gestionar les cookies o bloquejar-les.<\/li>\n<\/ul>\n\n<h3 class=\"wp-block-heading\">Safari (iOS)<\/h3>\n<ul>\n  <li>Aneu a Par\u00e0metres &gt; Safari &gt; Privadesa i seguretat.<\/li>\n  <li>Podeu gestionar el bloqueig de galetes.<\/li>\n<\/ul>\n\n<h3 class=\"wp-block-heading\">Android<\/h3>\n<ul>\n  <li>Obriu el navegador, premeu Men\u00fa &gt; Configuraci\u00f3.<\/li>\n  <li>Aneu a Privadesa &gt; Configuraci\u00f3 de cookies.<\/li>\n<\/ul>\n\t\t\t\t\t\t\t\t<\/div>\n\t\t\t\t<\/div>\n\t\t\t\t<\/div>\n\t\t\t\t<\/div>\n\t\t\t\t<\/div>","protected":false},"excerpt":{"rendered":"<p>\u00bfQu\u00e9 son las cookies? Una cookie es un peque\u00f1o archivo de texto que se almacena en su navegador cuando visita casi cualquier p\u00e1gina web. Su utilidad es que la web pueda recordar su visita cuando vuelva a navegar por ella. Las cookies suelen almacenar informaci\u00f3n de car\u00e1cter t\u00e9cnico, preferencias personales, personalizaci\u00f3n de contenidos, estad\u00edsticas de [&hellip;]<\/p>\n","protected":false},"author":1,"featured_media":0,"parent":0,"menu_order":0,"comment_status":"closed","ping_status":"closed","template":"","meta":{"_acf_changed":false,"footnotes":""},"class_list":["post-18","page","type-page","status-publish","hentry"],"acf":[],"yoast_head":"<!-- This site is optimized with the Yoast SEO plugin v27.0 - https:\/\/yoast.com\/product\/yoast-seo-wordpress\/ -->\n<title>Pol\u00edtica de cookies - Crea Y Mas<\/title>\n<meta name=\"robots\" content=\"index, follow, max-snippet:-1, max-image-preview:large, max-video-preview:-1\" \/>\n<link rel=\"canonical\" href=\"https:\/\/creamobiliariocomercial.com\/ca\/politica-de-cookies\/\" \/>\n<meta property=\"og:locale\" content=\"ca_ES\" \/>\n<meta property=\"og:type\" content=\"article\" \/>\n<meta property=\"og:title\" content=\"Pol\u00edtica de cookies - Crea Y Mas\" \/>\n<meta property=\"og:description\" content=\"\u00bfQu\u00e9 son las cookies? Una cookie es un peque\u00f1o archivo de texto que se almacena en su navegador cuando visita casi cualquier p\u00e1gina web. Su utilidad es que la web pueda recordar su visita cuando vuelva a navegar por ella. Las cookies suelen almacenar informaci\u00f3n de car\u00e1cter t\u00e9cnico, preferencias personales, personalizaci\u00f3n de contenidos, estad\u00edsticas de [&hellip;]\" \/>\n<meta property=\"og:url\" content=\"https:\/\/creamobiliariocomercial.com\/ca\/politica-de-cookies\/\" \/>\n<meta property=\"og:site_name\" content=\"Crea Y Mas\" \/>\n<meta property=\"article:publisher\" content=\"https:\/\/www.facebook.com\/creaymasmobiliariocomercial\/\" \/>\n<meta property=\"article:modified_time\" content=\"2026-02-03T10:01:43+00:00\" \/>\n<meta name=\"twitter:card\" content=\"summary_large_image\" \/>\n<meta name=\"twitter:label1\" content=\"Temps estimat de lectura\" \/>\n\t<meta name=\"twitter:data1\" content=\"5 minuts\" \/>\n<script type=\"application\/ld+json\" class=\"yoast-schema-graph\">{\"@context\":\"https:\/\/schema.org\",\"@graph\":[{\"@type\":\"WebPage\",\"@id\":\"https:\/\/creamobiliariocomercial.com\/politica-de-cookies\/\",\"url\":\"https:\/\/creamobiliariocomercial.com\/politica-de-cookies\/\",\"name\":\"Pol\u00edtica de cookies - Crea Y Mas\",\"isPartOf\":{\"@id\":\"https:\/\/creamobiliariocomercial.com\/#website\"},\"datePublished\":\"2025-02-05T09:07:04+00:00\",\"dateModified\":\"2026-02-03T10:01:43+00:00\",\"breadcrumb\":{\"@id\":\"https:\/\/creamobiliariocomercial.com\/politica-de-cookies\/#breadcrumb\"},\"inLanguage\":\"ca\",\"potentialAction\":[{\"@type\":\"ReadAction\",\"target\":[\"https:\/\/creamobiliariocomercial.com\/politica-de-cookies\/\"]}]},{\"@type\":\"BreadcrumbList\",\"@id\":\"https:\/\/creamobiliariocomercial.com\/politica-de-cookies\/#breadcrumb\",\"itemListElement\":[{\"@type\":\"ListItem\",\"position\":1,\"name\":\"Portada\",\"item\":\"https:\/\/creamobiliariocomercial.com\/\"},{\"@type\":\"ListItem\",\"position\":2,\"name\":\"Pol\u00edtica de cookies\"}]},{\"@type\":\"WebSite\",\"@id\":\"https:\/\/creamobiliariocomercial.com\/#website\",\"url\":\"https:\/\/creamobiliariocomercial.com\/\",\"name\":\"Crea Y Mas\",\"description\":\"Transforma tu espacio comercial con mobiliario a medida en Barcelona\",\"publisher\":{\"@id\":\"https:\/\/creamobiliariocomercial.com\/#organization\"},\"potentialAction\":[{\"@type\":\"SearchAction\",\"target\":{\"@type\":\"EntryPoint\",\"urlTemplate\":\"https:\/\/creamobiliariocomercial.com\/?s={search_term_string}\"},\"query-input\":{\"@type\":\"PropertyValueSpecification\",\"valueRequired\":true,\"valueName\":\"search_term_string\"}}],\"inLanguage\":\"ca\"},{\"@type\":\"Organization\",\"@id\":\"https:\/\/creamobiliariocomercial.com\/#organization\",\"name\":\"Crea Y Mas\",\"url\":\"https:\/\/creamobiliariocomercial.com\/\",\"logo\":{\"@type\":\"ImageObject\",\"inLanguage\":\"ca\",\"@id\":\"https:\/\/creamobiliariocomercial.com\/#\/schema\/logo\/image\/\",\"url\":\"https:\/\/creamobiliariocomercial.com\/wp-content\/uploads\/2025\/02\/logo.png\",\"contentUrl\":\"https:\/\/creamobiliariocomercial.com\/wp-content\/uploads\/2025\/02\/logo.png\",\"width\":191,\"height\":155,\"caption\":\"Crea Y Mas\"},\"image\":{\"@id\":\"https:\/\/creamobiliariocomercial.com\/#\/schema\/logo\/image\/\"},\"sameAs\":[\"https:\/\/www.facebook.com\/creaymasmobiliariocomercial\/\"]}]}<\/script>\n<!-- \/ Yoast SEO plugin. -->","yoast_head_json":{"title":"Pol\u00edtica de cookies - Crea Y Mas","robots":{"index":"index","follow":"follow","max-snippet":"max-snippet:-1","max-image-preview":"max-image-preview:large","max-video-preview":"max-video-preview:-1"},"canonical":"https:\/\/creamobiliariocomercial.com\/ca\/politica-de-cookies\/","og_locale":"ca_ES","og_type":"article","og_title":"Pol\u00edtica de cookies - Crea Y Mas","og_description":"\u00bfQu\u00e9 son las cookies? Una cookie es un peque\u00f1o archivo de texto que se almacena en su navegador cuando visita casi cualquier p\u00e1gina web. Su utilidad es que la web pueda recordar su visita cuando vuelva a navegar por ella. Las cookies suelen almacenar informaci\u00f3n de car\u00e1cter t\u00e9cnico, preferencias personales, personalizaci\u00f3n de contenidos, estad\u00edsticas de [&hellip;]","og_url":"https:\/\/creamobiliariocomercial.com\/ca\/politica-de-cookies\/","og_site_name":"Crea Y Mas","article_publisher":"https:\/\/www.facebook.com\/creaymasmobiliariocomercial\/","article_modified_time":"2026-02-03T10:01:43+00:00","twitter_card":"summary_large_image","twitter_misc":{"Temps estimat de lectura":"5 minuts"},"schema":{"@context":"https:\/\/schema.org","@graph":[{"@type":"WebPage","@id":"https:\/\/creamobiliariocomercial.com\/politica-de-cookies\/","url":"https:\/\/creamobiliariocomercial.com\/politica-de-cookies\/","name":"Pol\u00edtica de cookies - Crea Y Mas","isPartOf":{"@id":"https:\/\/creamobiliariocomercial.com\/#website"},"datePublished":"2025-02-05T09:07:04+00:00","dateModified":"2026-02-03T10:01:43+00:00","breadcrumb":{"@id":"https:\/\/creamobiliariocomercial.com\/politica-de-cookies\/#breadcrumb"},"inLanguage":"ca","potentialAction":[{"@type":"ReadAction","target":["https:\/\/creamobiliariocomercial.com\/politica-de-cookies\/"]}]},{"@type":"BreadcrumbList","@id":"https:\/\/creamobiliariocomercial.com\/politica-de-cookies\/#breadcrumb","itemListElement":[{"@type":"ListItem","position":1,"name":"Portada","item":"https:\/\/creamobiliariocomercial.com\/"},{"@type":"ListItem","position":2,"name":"Pol\u00edtica de cookies"}]},{"@type":"WebSite","@id":"https:\/\/creamobiliariocomercial.com\/#website","url":"https:\/\/creamobiliariocomercial.com\/","name":"Crea I Mas","description":"Transforma el teu espai comercial amb mobiliari a mida a Barcelona","publisher":{"@id":"https:\/\/creamobiliariocomercial.com\/#organization"},"potentialAction":[{"@type":"SearchAction","target":{"@type":"EntryPoint","urlTemplate":"https:\/\/creamobiliariocomercial.com\/?s={search_term_string}"},"query-input":{"@type":"PropertyValueSpecification","valueRequired":true,"valueName":"search_term_string"}}],"inLanguage":"ca"},{"@type":"Organization","@id":"https:\/\/creamobiliariocomercial.com\/#organization","name":"Crea I Mas","url":"https:\/\/creamobiliariocomercial.com\/","logo":{"@type":"ImageObject","inLanguage":"ca","@id":"https:\/\/creamobiliariocomercial.com\/#\/schema\/logo\/image\/","url":"https:\/\/creamobiliariocomercial.com\/wp-content\/uploads\/2025\/02\/logo.png","contentUrl":"https:\/\/creamobiliariocomercial.com\/wp-content\/uploads\/2025\/02\/logo.png","width":191,"height":155,"caption":"Crea Y Mas"},"image":{"@id":"https:\/\/creamobiliariocomercial.com\/#\/schema\/logo\/image\/"},"sameAs":["https:\/\/www.facebook.com\/creaymasmobiliariocomercial\/"]}]}},"_links":{"self":[{"href":"https:\/\/creamobiliariocomercial.com\/ca\/wp-json\/wp\/v2\/pages\/18","targetHints":{"allow":["GET"]}}],"collection":[{"href":"https:\/\/creamobiliariocomercial.com\/ca\/wp-json\/wp\/v2\/pages"}],"about":[{"href":"https:\/\/creamobiliariocomercial.com\/ca\/wp-json\/wp\/v2\/types\/page"}],"author":[{"embeddable":true,"href":"https:\/\/creamobiliariocomercial.com\/ca\/wp-json\/wp\/v2\/users\/1"}],"replies":[{"embeddable":true,"href":"https:\/\/creamobiliariocomercial.com\/ca\/wp-json\/wp\/v2\/comments?post=18"}],"version-history":[{"count":3,"href":"https:\/\/creamobiliariocomercial.com\/ca\/wp-json\/wp\/v2\/pages\/18\/revisions"}],"predecessor-version":[{"id":10840,"href":"https:\/\/creamobiliariocomercial.com\/ca\/wp-json\/wp\/v2\/pages\/18\/revisions\/10840"}],"wp:attachment":[{"href":"https:\/\/creamobiliariocomercial.com\/ca\/wp-json\/wp\/v2\/media?parent=18"}],"curies":[{"name":"wp","href":"https:\/\/api.w.org\/{rel}","templated":true}]}}